{"id":790,"date":"2024-07-10T11:11:21","date_gmt":"2024-07-10T11:11:21","guid":{"rendered":"https:\/\/aurabella.jemturner.dev\/?page_id=790"},"modified":"2024-07-14T09:20:09","modified_gmt":"2024-07-14T09:20:09","slug":"faqs","status":"publish","type":"page","link":"https:\/\/aurabella.jemturner.dev\/es\/faqs\/","title":{"rendered":"FAQs"},"content":{"rendered":"<div class=\"wp-block-cover alignfull is-light has-custom-content-position is-position-bottom-center\"><span aria-hidden=\"true\" class=\"wp-block-cover__background has-nude-pink-background-color has-background-dim-100 has-background-dim\"><\/span><div class=\"wp-block-cover__inner-container is-layout-constrained wp-block-cover-is-layout-constrained\">\n<h1 class=\"wp-block-heading has-text-align-left\">Preguntas Frecuentes<\/h1>\n<\/div><\/div>\n\n\n\n<div class=\"wp-block-group is-layout-constrained wp-block-group-is-layout-constrained\" style=\"padding-top:var(--wp--preset--spacing--80);padding-bottom:var(--wp--preset--spacing--80)\">\n<p>Bienvenido a nuestra p\u00e1gina de Preguntas Frecuentes. En AuraBella Medical Spa, entendemos que tomar decisiones informadas sobre tu salud y bienestar es esencial. Por eso, hemos compilado una lista de preguntas frecuentes para proporcionarte respuestas claras y detalladas sobre nuestros servicios, tratamientos y procedimientos. Si no encuentras la respuesta que buscas, no dudes en contactarnos. Estamos aqu\u00ed para ayudarte en cada paso de tu viaje hacia la belleza y el bienestar.<\/p>\n\n\n\n<h2 class=\"wp-block-heading\" style=\"padding-top:var(--wp--preset--spacing--60);padding-bottom:var(--wp--preset--spacing--60)\">Preguntas Frecuentes<\/h2>\n\n\n\n<h3 class=\"wp-block-heading\" style=\"padding-top:var(--wp--preset--spacing--40);padding-bottom:var(--wp--preset--spacing--40)\">Preguntas Generales<\/h3>\n\n\n\n<details class=\"wp-block-details is-layout-flow wp-block-details-is-layout-flow\"><summary><strong>\u00bfQu\u00e9 tratamientos ofrecen en AuraBella Medical Spa?<\/strong><\/summary>\n<p>Ofrecemos una amplia gama de tratamientos, incluidos programas avanzados de p\u00e9rdida de peso, tratamientos antienvejecimiento, restauraci\u00f3n capilar, tratamientos de belleza personalizados, microneedling, maquillaje permanente para cejas y faciales con c\u00e9lulas madre, entre otros.<\/p>\n<\/details>\n\n\n\n<details class=\"wp-block-details is-layout-flow wp-block-details-is-layout-flow\"><summary><strong>\u00bfC\u00f3mo puedo programar una cita?<\/strong><\/summary>\n<p>Puedes programar una cita llam\u00e1ndonos directamente o visitando nuestro sitio web y utilizando nuestro sistema de reservas en l\u00ednea. Tambi\u00e9n puedes contactarnos a trav\u00e9s de nuestros canales de redes sociales para obtener m\u00e1s informaci\u00f3n.<\/p>\n<\/details>\n\n\n\n<details class=\"wp-block-details is-layout-flow wp-block-details-is-layout-flow\"><summary><strong>\u00bfSon seguros los tratamientos?<\/strong><\/summary>\n<p>S\u00ed, todos nuestros tratamientos son seguros y realizados por profesionales capacitados y certificados. Utilizamos t\u00e9cnicas y productos aprobados por la FDA para garantizar la seguridad y efectividad de nuestros procedimientos.<\/p>\n<\/details>\n\n\n\n<details class=\"wp-block-details is-layout-flow wp-block-details-is-layout-flow\"><summary><strong>\u00bfOfrecen servicios biling\u00fces?<\/strong><\/summary>\n<p>S\u00ed, en AuraBella Medical Spa nos enorgullece ofrecer servicios biling\u00fces en ingl\u00e9s y espa\u00f1ol para que todos nuestros clientes se sientan c\u00f3modos e informados.<\/p>\n<\/details>\n\n\n\n<details class=\"wp-block-details is-layout-flow wp-block-details-is-layout-flow\"><summary><strong>\u00bfQu\u00e9 opciones de pago aceptan?<\/strong><\/summary>\n<p>Actualmente aceptamos efectivo, tarjeta de d\u00e9bito, tarjeta de cr\u00e9dito, Afterpay, Care Credit y Cherry. Tambi\u00e9n puedes comprar tarjetas de regalo directamente o a trav\u00e9s de SpaWeek. <a href=\"https:\/\/aurabella.jemturner.dev\/es\/our-services\/payment-options\/\" data-type=\"page\" data-id=\"738\">Descubre m\u00e1s sobre nuestras opciones de pago \u2013&gt;<\/a><\/p>\n<\/details>\n\n\n\n<details class=\"wp-block-details is-layout-flow wp-block-details-is-layout-flow\"><summary><strong>\u00bfQu\u00e9 debo esperar durante mi primera consulta?<\/strong><\/summary>\n<p>Durante tu primera consulta, nuestro equipo evaluar\u00e1 tus necesidades y objetivos espec\u00edficos, proporcionar\u00e1 recomendaciones personalizadas y responder\u00e1 cualquier pregunta que puedas tener sobre nuestros tratamientos y servicios.<\/p>\n<\/details>\n\n\n\n<details class=\"wp-block-details is-layout-flow wp-block-details-is-layout-flow\"><summary><strong>\u00bfOfrecen paquetes de tratamientos?<\/strong><\/summary>\n<p>S\u00ed, ofrecemos varios paquetes de tratamientos que se pueden personalizar para satisfacer tus necesidades espec\u00edficas. Consulta con nuestro equipo para obtener m\u00e1s informaci\u00f3n sobre los paquetes disponibles y las ofertas especiales.<\/p>\n<\/details>\n\n\n\n<hr class=\"wp-block-separator has-text-color has-nude-pink-color has-alpha-channel-opacity has-nude-pink-background-color has-background is-style-dots\"\/>\n\n\n\n<h3 class=\"wp-block-heading\" style=\"padding-top:var(--wp--preset--spacing--40);padding-bottom:var(--wp--preset--spacing--40)\">Tratamientos de Belleza<\/h3>\n\n\n\n<details class=\"wp-block-details is-layout-flow wp-block-details-is-layout-flow\"><summary><strong>\u00bfPara qu\u00e9 es ideal el Microneedling?<\/strong><\/summary>\n<p>El Microneedling es eficaz para reducir la apariencia de da\u00f1os causados por el sol, particularmente la hiperpigmentaci\u00f3n y las manchas de la edad.<br>Tambi\u00e9n es ideal para tratar una variedad de preocupaciones y condiciones como:<\/p>\n\n\n\n<div class=\"wp-block-columns is-layout-flex wp-container-core-columns-is-layout-9d6595d7 wp-block-columns-is-layout-flex\">\n<div class=\"wp-block-column is-layout-flow wp-block-column-is-layout-flow\">\n<ul class=\"wp-block-list\">\n<li>L\u00edneas finas y arrugas<\/li>\n\n\n\n<li>Cicatrices de acn\u00e9<\/li>\n\n\n\n<li>Hiperpigmentaci\u00f3n<\/li>\n\n\n\n<li>Textura de piel desigual<\/li>\n\n\n\n<li>Estr\u00edas<\/li>\n\n\n\n<li>Poros dilatados<\/li>\n\n\n\n<li>Manchas de la edad<\/li>\n<\/ul>\n<\/div>\n\n\n\n<div class=\"wp-block-column is-layout-flow wp-block-column-is-layout-flow\">\n<ul class=\"wp-block-list\">\n<li>Da\u00f1os causados por el sol<\/li>\n\n\n\n<li>Tez apagada<\/li>\n\n\n\n<li>Flacidez de la piel<\/li>\n\n\n\n<li>Tono de piel desigual<\/li>\n\n\n\n<li>Textura de piel \u00e1spera<\/li>\n\n\n\n<li>Descolgamiento de la piel<\/li>\n\n\n\n<li>Rejuvenecimiento de la piel<\/li>\n<\/ul>\n<\/div>\n<\/div>\n<\/details>\n\n\n\n<details class=\"wp-block-details is-layout-flow wp-block-details-is-layout-flow\"><summary><strong>\u00bfC\u00f3mo debo prepararme para un tratamiento de Microneedling?<\/strong><\/summary>\n<p>Se recomienda evitar la exposici\u00f3n al sol, el uso de productos exfoliantes y tratamientos agresivos para la piel al menos una semana antes de tu sesi\u00f3n de microneedling. Nuestro equipo te proporcionar\u00e1 instrucciones detalladas durante tu consulta previa al tratamiento.<\/p>\n<\/details>\n\n\n\n<details class=\"wp-block-details is-layout-flow wp-block-details-is-layout-flow\"><summary><strong>\u00bfCu\u00e1les son los beneficios del Dermaplaning?<\/strong><\/summary>\n<ul class=\"wp-block-list\">\n<li>Piel suave: Di adi\u00f3s a la textura \u00e1spera y hola a la piel sedosa.<\/li>\n\n\n\n<li>Absorci\u00f3n mejorada: Tus productos para el cuidado de la piel funcionar\u00e1n de manera m\u00e1s efectiva.<\/li>\n\n\n\n<li>Tez radiante: Revela un brillo juvenil y radiante.<\/li>\n\n\n\n<li>Adi\u00f3s al vello facial: \u00a1Adi\u00f3s, vello facial no deseado!<\/li>\n\n\n\n<li>Seguro e indoloro: Cuando es realizado por un experto, es completamente seguro.<\/li>\n<\/ul>\n<\/details>\n\n\n\n<details class=\"wp-block-details is-layout-flow wp-block-details-is-layout-flow\"><summary><strong>\u00bfQu\u00e9 son los faciales con c\u00e9lulas madre?<\/strong><\/summary>\n<p>La caracter\u00edstica principal de la terapia con c\u00e9lulas madre es que es un elixir de juventud obtenido de nuestro propio cuerpo que aumenta el n\u00famero de c\u00e9lulas madre en la regi\u00f3n objetivo.<\/p>\n<\/details>\n\n\n\n<details class=\"wp-block-details is-layout-flow wp-block-details-is-layout-flow\"><summary><strong>\u00bfCu\u00e1les son los beneficios de los faciales con c\u00e9lulas madre?<\/strong><\/summary>\n<ul class=\"wp-block-list\">\n<li>Tez visiblemente m\u00e1s brillante y suave<\/li>\n\n\n\n<li>Reduce la inflamaci\u00f3n y repara el tejido con factores de crecimiento complejos<\/li>\n\n\n\n<li>Mejora la apariencia general de las cicatrices de acn\u00e9 y el melasma<\/li>\n\n\n\n<li>Resultados duraderos que contin\u00faan mejorando con el tiempo<\/li>\n<\/ul>\n<\/details>\n\n\n\n<details class=\"wp-block-details is-layout-flow wp-block-details-is-layout-flow\"><summary><strong>\u00bfQu\u00e9 es Aquafirme XS?<\/strong><\/summary>\n<p>Aquafirme XS es un tratamiento revolucionario que combina los beneficios de la exfoliaci\u00f3n, la hidrataci\u00f3n y el tensado de la piel.<br>Este tratamiento efectivamente aborda una amplia gama de preocupaciones relacionadas con la edad, incluidas las l\u00edneas finas, la textura desigual y la p\u00e9rdida de elasticidad.<\/p>\n<\/details>\n\n\n\n<details class=\"wp-block-details is-layout-flow wp-block-details-is-layout-flow\"><summary><strong>\u00bfQu\u00e9 debo hacer despu\u00e9s de un tratamiento facial?<\/strong><\/summary>\n<p>Despu\u00e9s de un tratamiento facial, es importante mantener la piel hidratada, evitar la exposici\u00f3n excesiva al sol y seguir las recomendaciones de cuidado posterior proporcionadas por nuestros profesionales para maximizar los resultados y mantener la salud de tu piel.<\/p>\n<\/details>\n\n\n\n<hr class=\"wp-block-separator has-text-color has-nude-pink-color has-alpha-channel-opacity has-nude-pink-background-color has-background is-style-dots\"\/>\n\n\n\n<h3 class=\"wp-block-heading\" style=\"padding-top:var(--wp--preset--spacing--40);padding-bottom:var(--wp--preset--spacing--40)\">Restauraci\u00f3n Capilar<\/h3>\n\n\n\n<details class=\"wp-block-details is-layout-flow wp-block-details-is-layout-flow\"><summary><strong>\u00bfQu\u00e9 es el tratamiento de exosomas y PRP?<\/strong><\/summary>\n<p>El tratamiento de exosomas y PRP (plasma rico en plaquetas) utiliza componentes derivados de c\u00e9lulas madre y de la propia sangre del paciente para estimular los fol\u00edculos pilosos, mejorar la circulaci\u00f3n sangu\u00ednea y promover la producci\u00f3n de col\u00e1geno, lo que resulta en un cabello m\u00e1s grueso y saludable.<\/p>\n<\/details>\n\n\n\n<details class=\"wp-block-details is-layout-flow wp-block-details-is-layout-flow\"><summary><strong>\u00bfCu\u00e1les son los beneficios del tratamiento de restauraci\u00f3n capilar con Aquafirme XS?<\/strong><\/summary>\n<ul class=\"wp-block-list\">\n<li>Efectivo para todo tipo de alopecia, tambi\u00e9n se utiliza para engrosar el vello facial como cejas y barbas.<\/li>\n\n\n\n<li>No hay dolor, molestias ni tiempo de inactividad.<\/li>\n\n\n\n<li>Se puede administrar cualquier combinaci\u00f3n de sueros, incluidos los sueros patentados a base de plantas y sin hormonas de AquaFirme.<\/li>\n<\/ul>\n<\/details>\n\n\n\n<hr class=\"wp-block-separator has-text-color has-nude-pink-color has-alpha-channel-opacity has-nude-pink-background-color has-background is-style-dots\"\/>\n\n\n\n<h3 class=\"wp-block-heading\" style=\"padding-top:var(--wp--preset--spacing--40);padding-bottom:var(--wp--preset--spacing--40)\">Nutrici\u00f3n y P\u00e9rdida de peso<\/h3>\n\n\n\n<h4 class=\"wp-block-heading\">Semaglutide (Ozempik)<\/h4>\n\n\n\n<details class=\"wp-block-details is-layout-flow wp-block-details-is-layout-flow\"><summary><strong>\u00bfCu\u00e1les son los beneficios del semaglutida?<\/strong><\/summary>\n<p>Semaglutide is newly FDA approved for weight loss, safely used for diabetes since 2017.<br>El semaglutida ha sido recientemente aprobado por la FDA para la p\u00e9rdida de peso, y se ha utilizado de manera segura para la diabetes desde 2017. Reduce el apetito y los antojos de comida, y aumenta la sensaci\u00f3n de saciedad, reduciendo el peso, el tama\u00f1o de la cintura, la presi\u00f3n arterial, el az\u00facar en la sangre y la inflamaci\u00f3n.<\/p>\n<\/details>\n\n\n\n<details class=\"wp-block-details is-layout-flow wp-block-details-is-layout-flow\"><summary><strong>\u00bfC\u00f3mo funciona Semaglutida para ayudar en la reducci\u00f3n de\npeso?<\/strong><\/summary>\n<p>Semaglutida pertenece a la categor\u00eda de medicamentos conocidos como agonistas del\nreceptor GLP-1.<br>Estos medicamentos est\u00e1n dise\u00f1ados para facilitar la p\u00e9rdida de peso\na trav\u00e9s de dos mecanismos principales.<\/p>\n\n\n\n<ol class=\"wp-block-list\">\n<li>Retrasan el vaciamiento g\u00e1strico, lo que resulta en una sensaci\u00f3n prolongada de\nsaciedad y menos hambre.<\/li>\n\n\n\n<li>Env\u00edan se\u00f1ales al cerebro indicando saciedad, lo que reduce los antojos y el apetito.<\/li>\n<\/ol>\n<\/details>\n\n\n\n<details class=\"wp-block-details is-layout-flow wp-block-details-is-layout-flow\"><summary><strong>\u00bfCu\u00e1nto peso puedo esperar perder con Semaglutida?<\/strong><\/summary>\n<p>Las inyecciones de Semaglutida han demostrado ser efectivas en el tratamiento de la\nobesidad y el sobrepeso en adultos. En ensayos controlados aleatorios, los pacientes\nque recibieron inyecciones semanales de semaglutida experimentaron una p\u00e9rdida de\npeso que oscilaba entre el 12% y el 13% de su peso corporal para la semana 12. Seg\u00fan\nnuestras observaciones, una p\u00e9rdida de peso mensual t\u00edpica de alrededor de 5 libras es\ncom\u00fan, aunque algunas personas han logrado reducir hasta 15 libras en un mes.<\/p>\n<\/details>\n\n\n\n<details class=\"wp-block-details is-layout-flow wp-block-details-is-layout-flow\"><summary><strong>\u00bfC\u00f3mo puedo optimizar mis resultados con Semaglutida para la p\u00e9rdida de peso?<\/strong><\/summary>\n<p>Este medicamento produce los mejores resultados cuando se combina con una dieta\nsaludable y un r\u00e9gimen regular de ejercicio. El estudio cl\u00ednico m\u00e1s grande indic\u00f3 que\nsemaglutida redujo efectivamente el peso corporal en aproximadamente un 15% en\ncomparaci\u00f3n con los no usuarios en varios pa\u00edses. Establecer un sistema de apoyo\npara implementar y mantener cambios de estilo de vida saludables tambi\u00e9n es\n\nbeneficioso para mantener un IMC saludable y evitar problemas relacionados con la\nobesidad.<\/p>\n<\/details>\n\n\n\n<details class=\"wp-block-details is-layout-flow wp-block-details-is-layout-flow\"><summary><strong>\u00bfCon qu\u00e9 frecuencia se debe administrar Semaglutida?<\/strong><\/summary>\n<p>Los estudios cl\u00ednicos han demostrado que la administraci\u00f3n semanal es t\u00edpicamente\nrecetada para el manejo del peso. Sin embargo, su proveedor de atenci\u00f3n m\u00e9dica\najustar\u00e1 el r\u00e9gimen de dosificaci\u00f3n para lograr resultados \u00f3ptimos. Inicialmente, se\npuede recetar una dosis m\u00e1s baja, con ajustes basados en su tolerancia y respuesta al\nmedicamento, junto con intervenciones en el estilo de vida.<\/p>\n<\/details>\n\n\n\n<details class=\"wp-block-details is-layout-flow wp-block-details-is-layout-flow\"><summary><strong>Dado que Semaglutida tambi\u00e9n se usa para el manejo de la diabetes, \u00bfafectar\u00e1 mis\nniveles de az\u00facar en la sangre?<\/strong><\/summary>\n<p>Los ensayos cl\u00ednicos con pacientes con diabetes tipo 2 han indicado mejoras en los\nniveles de az\u00facar en la sangre junto con la p\u00e9rdida de peso. Las personas con diabetes\nlim\u00edtrofe a menudo experimentan un mejor control del az\u00facar en la sangre con\nSemaglutida, adem\u00e1s de la reducci\u00f3n de peso. Si bien la hipoglucemia es un efecto\nsecundario raro, puede ocurrir con m\u00e1s frecuencia cuando Semaglutida se usa en\ncombinaci\u00f3n con insulina. Informe a su proveedor de atenci\u00f3n m\u00e9dica sobre todos los\nmedicamentos que est\u00e1 tomando actualmente para garantizar un manejo seguro.<\/p>\n<\/details>\n\n\n\n<details class=\"wp-block-details is-layout-flow wp-block-details-is-layout-flow\"><summary><strong>\u00bfC\u00f3mo se debe administrar Semaglutida?<\/strong><\/summary>\n<p>Durante su cita, recibir\u00e1 instrucciones sobre c\u00f3mo administrar el medicamento\nmediante inyecciones subcut\u00e1neas semanales para el manejo del peso. Las\ninyecciones de Semaglutida pueden administrarse en el abdomen. La dosis puede\nvariar seg\u00fan los factores individuales y las recomendaciones del proveedor. Comenzar\ncon una dosis m\u00e1s baja y aumentarla gradualmente mientras se implementan cambios\nen el estilo de vida es una pr\u00e1ctica com\u00fan para minimizar los efectos adversos. La\nhidrataci\u00f3n adecuada es esencial para manejar los posibles efectos secundarios como\ndolores de cabeza, estre\u00f1imiento, n\u00e1useas y v\u00f3mitos.<\/p>\n<\/details>\n\n\n\n<details class=\"wp-block-details is-layout-flow wp-block-details-is-layout-flow\"><summary><strong>\u00bfCu\u00e1les son los efectos secundarios potenciales de Semaglutida para la\nobesidad\/sobrepeso?<\/strong><\/summary>\n<p>Como cualquier medicamento, Semaglutida puede causar efectos secundarios. Los\nefectos secundarios m\u00e1s com\u00fanmente reportados de las inyecciones de semaglutida\nincluyen n\u00e1useas, v\u00f3mitos, diarrea, estre\u00f1imiento, indigesti\u00f3n, distensi\u00f3n abdominal y\ndolores de cabeza. En nuestra pr\u00e1ctica, tambi\u00e9n hemos observado eructos como efecto\nsecundario. Ofrecemos una versi\u00f3n &quot;sensible&quot; de Semaglutida compuesta con BPC en\nAura Bella Med Spa, que puede ayudar a aliviar algunos efectos secundarios\ngastrointestinales. Aunque raros, se han reportado efectos secundarios m\u00e1s graves\ncomo erupciones cut\u00e1neas, urticaria, picaz\u00f3n, mareos, hinchaz\u00f3n, dificultad para tragar\ny boca seca. Los ensayos cl\u00ednicos que abarcaron 68 semanas han demostrado la\nseguridad de este medicamento para la p\u00e9rdida de peso. Si experimenta alg\u00fan efecto\nsecundario, discuta con su proveedor de atenci\u00f3n m\u00e9dica sobre medicamentos o\nsuplementos alternativos. En algunos casos, los suplementos de magnesio pueden\naliviar el estre\u00f1imiento.<\/p>\n<\/details>\n\n\n\n<details class=\"wp-block-details is-layout-flow wp-block-details-is-layout-flow\"><summary><strong>\u00bfQui\u00e9n debe evitar tomar Semaglutida?<\/strong><\/summary>\n<p>Las mujeres embarazadas o en per\u00edodo de lactancia deben abstenerse de usar\nSemaglutida para perder peso. Las personas con ciertos tipos de c\u00e1ncer (como el\nc\u00e1ncer de tiroides medular), aquellos que se someten a di\u00e1lisis o que tienen\nantecedentes de pancreatitis o gastroparesia tambi\u00e9n deben evitar Semaglutida.\nDiscuta cualquier otra condici\u00f3n m\u00e9dica, incluyendo enfermedades cardiovasculares,\nenfermedad renal, enfermedad de la ves\u00edcula biliar o cirug\u00eda bari\u00e1trica previa, con su\nproveedor de atenci\u00f3n m\u00e9dica antes de iniciar la terapia con Semaglutida. Aseg\u00farese\nde divulgar todos los medicamentos que est\u00e1 tomando actualmente a su proveedor de\natenci\u00f3n m\u00e9dica.<\/p>\n<\/details>\n\n\n\n<details class=\"wp-block-details is-layout-flow wp-block-details-is-layout-flow\"><summary><strong>\u00bfQu\u00e9 pruebas de laboratorio deben realizarse antes de comenzar Semaglutida para la\np\u00e9rdida de peso?<\/strong><\/summary>\n<p>Los adultos que inician la terapia con Semaglutida para la p\u00e9rdida de peso o el manejo\ncr\u00f3nico del peso deben someterse a un panel metab\u00f3lico b\u00e1sico y un hemograma\ncompleto antes de comenzar el tratamiento. Algunas personas pueden mostrar niveles\nelevados de prote\u00edna C-reactiva, que pueden mejorar con la terapia con Semaglutida y\ndeben ser monitoreados por profesionales de la salud. Tambi\u00e9n se deben registrar las\nmediciones de peso corporal inicial antes de iniciar la terapia con Semaglutida.<\/p>\n<\/details>\n\n\n\n<details class=\"wp-block-details is-layout-flow wp-block-details-is-layout-flow\"><summary><strong>\u00bfQu\u00e9 debo esperar mientras tomo Semaglutida semanalmente?<\/strong><\/summary>\n<p>Se ha demostrado que Semaglutida regula el apetito, ayudando en la p\u00e9rdida de peso\ncuando se combina con una dieta baja en calor\u00edas. Muchos pacientes han\nexperimentado reducciones significativas en los factores de riesgo cardiovascular y\nmejoras en la presi\u00f3n arterial. Adem\u00e1s, las personas han informado niveles\naumentados de actividad f\u00edsica mientras est\u00e1n bajo este medicamento. En promedio, la\nmayor\u00eda de los pacientes experimentan una p\u00e9rdida de peso de aproximadamente el\n15% en comparaci\u00f3n con su peso inicial.<\/p>\n<\/details>\n\n\n\n<details class=\"wp-block-details is-layout-flow wp-block-details-is-layout-flow\"><summary><strong>\u00bfCon qu\u00e9 frecuencia debo hacer un seguimiento con mi proveedor de atenci\u00f3n m\u00e9dica?<\/strong><\/summary>\n<p>La frecuencia de seguimiento puede variar entre diferentes proveedores de atenci\u00f3n\nm\u00e9dica y pr\u00e1cticas. En Aura Bella Med Spa, generalmente programamos seguimientos\nmensuales para ajustar las dosis, monitorear los efectos secundarios y seguir el\nprogreso hacia los objetivos de p\u00e9rdida de peso. Cualquier evento adverso o\npreocupaci\u00f3n m\u00e9dica debe ser abordado durante estas citas para garantizar un manejo\nefectivo de la obesidad\/sobrepeso. A medida que los pacientes pasan a dosis de\nmantenimiento y logran una p\u00e9rdida de peso exitosa, las citas de seguimiento pueden\nvolverse menos frecuentes.<\/p>\n<\/details>\n\n\n\n<details class=\"wp-block-details is-layout-flow wp-block-details-is-layout-flow\"><summary><strong>\u00bfEs seguro suspender Semaglutida una vez que haya alcanzado mi objetivo de p\u00e9rdida\nde peso?<\/strong><\/summary>\n<p>La terapia continua con Semaglutida subcut\u00e1nea semanal ha demostrado eficacia en el\nmanejo de la obesidad. Si bien es seguro suspender o reducir gradualmente la dosis de\nSemaglutida, los ensayos cl\u00ednicos han indicado su seguridad hasta 68 semanas de uso.\nLos efectos secundarios raros, como n\u00e1useas y v\u00f3mitos, pueden ocurrir al suspender el\nmedicamento, pero son poco comunes. La duraci\u00f3n de la terapia con Semaglutida var\u00eda\nentre las personas, algunas requieren solo unos meses para alcanzar sus objetivos de\np\u00e9rdida de peso, mientras que otras pueden beneficiarse de una terapia a largo plazo.\nLa colaboraci\u00f3n cercana con su proveedor de atenci\u00f3n m\u00e9dica es esencial.<\/p>\n<\/details>\n\n\n\n<hr class=\"wp-block-separator has-text-color has-nude-pink-color has-alpha-channel-opacity has-nude-pink-background-color has-background\" style=\"margin-top:var(--wp--preset--spacing--80);margin-bottom:var(--wp--preset--spacing--80)\"\/>\n\n\n\n<p>Esperamos que esta secci\u00f3n haya respondido a tus preguntas. Si tienes alguna otra consulta, no dudes en contactarnos. En AuraBella Medical Spa, estamos comprometidos a ofrecer el mejor cuidado posible para ayudarte a alcanzar tus metas de belleza y bienestar.<\/p>\n\n\n\n<p><\/p>\n<\/div>","protected":false},"excerpt":{"rendered":"<p>Welcome to our Frequently Asked Questions page. At AuraBella Medical Spa, we understand that making informed decisions about your health and wellness is essential. That\u2019s why we have compiled a list of frequently asked questions to provide you with clear and detailed answers about our services, treatments, and procedures. If you don\u2019t find the answer [&hellip;]<\/p>","protected":false},"author":1,"featured_media":0,"parent":0,"menu_order":0,"comment_status":"closed","ping_status":"closed","template":"","meta":{"footnotes":""},"class_list":["post-790","page","type-page","status-publish","hentry"],"_links":{"self":[{"href":"https:\/\/aurabella.jemturner.dev\/es\/wp-json\/wp\/v2\/pages\/790","targetHints":{"allow":["GET"]}}],"collection":[{"href":"https:\/\/aurabella.jemturner.dev\/es\/wp-json\/wp\/v2\/pages"}],"about":[{"href":"https:\/\/aurabella.jemturner.dev\/es\/wp-json\/wp\/v2\/types\/page"}],"author":[{"embeddable":true,"href":"https:\/\/aurabella.jemturner.dev\/es\/wp-json\/wp\/v2\/users\/1"}],"replies":[{"embeddable":true,"href":"https:\/\/aurabella.jemturner.dev\/es\/wp-json\/wp\/v2\/comments?post=790"}],"version-history":[{"count":17,"href":"https:\/\/aurabella.jemturner.dev\/es\/wp-json\/wp\/v2\/pages\/790\/revisions"}],"predecessor-version":[{"id":824,"href":"https:\/\/aurabella.jemturner.dev\/es\/wp-json\/wp\/v2\/pages\/790\/revisions\/824"}],"wp:attachment":[{"href":"https:\/\/aurabella.jemturner.dev\/es\/wp-json\/wp\/v2\/media?parent=790"}],"curies":[{"name":"wp","href":"https:\/\/api.w.org\/{rel}","templated":true}]}}