{"id":777,"date":"2024-07-10T10:27:33","date_gmt":"2024-07-10T10:27:33","guid":{"rendered":"https:\/\/aurabella.jemturner.dev\/?page_id=777"},"modified":"2024-07-10T15:31:44","modified_gmt":"2024-07-10T15:31:44","slug":"gallery","status":"publish","type":"page","link":"https:\/\/aurabella.jemturner.dev\/es\/our-services\/gallery\/","title":{"rendered":"Galer\u00eda"},"content":{"rendered":"<div class=\"wp-block-cover alignfull is-light has-custom-content-position is-position-bottom-center\"><span aria-hidden=\"true\" class=\"wp-block-cover__background has-nude-pink-background-color has-background-dim-100 has-background-dim\"><\/span><div class=\"wp-block-cover__inner-container is-layout-constrained wp-block-cover-is-layout-constrained\">\n<div class=\"wp-block-group is-layout-constrained wp-block-group-is-layout-constrained\">\n<h1 class=\"wp-block-heading has-text-align-left\">Galer\u00eda<\/h1>\n\n\n\n<p>\u00a1Bienvenido a nuestra Galer\u00eda! Explore las transformaciones notables que nuestros clientes han logrado con la ayuda de los tratamientos expertos de AuraBella Medical Spa.<\/p>\n<\/div>\n<\/div><\/div>\n\n\n\n<div class=\"wp-block-group is-layout-constrained wp-block-group-is-layout-constrained\" style=\"padding-top:var(--wp--preset--spacing--80);padding-bottom:var(--wp--preset--spacing--80)\">\n<p>Nuestra colecci\u00f3n de fotos de antes y despu\u00e9s muestra la efectividad de nuestros servicios, desde programas de p\u00e9rdida de peso y tratamientos antienvejecimiento hasta restauraci\u00f3n capilar y tratamientos de belleza personalizados. Cada imagen es un testimonio de la dedicaci\u00f3n y habilidad de nuestro equipo, as\u00ed como del compromiso de nuestros clientes con sus viajes de belleza y bienestar. Esperamos que estas fotos lo inspiren a embarcarse en su propio camino hacia una mayor confianza y resplandor.<\/p>\n\n\n\n<p><strong>Nota:<\/strong> Todas las im\u00e1genes se comparten con el consentimiento de nuestros clientes y tienen el prop\u00f3sito de proporcionar una representaci\u00f3n precisa de los resultados que puede esperar de nuestros tratamientos. Los resultados individuales pueden variar.<\/p>\n\n\n<div class=\"foogallery foogallery-container foogallery-masonry foogallery-lightbox-foogallery fg-center fg-masonry fg-light fg-shadow-small fg-loading-default fg-loaded-fade-in fg-caption-always fg-hover-fade fg-light-overlays fg-c-c fg-ready fg-col3\" id=\"foogallery-gallery-335\" data-foogallery=\"{&quot;item&quot;:{&quot;showCaptionTitle&quot;:true,&quot;showCaptionDescription&quot;:false},&quot;lazy&quot;:true,&quot;template&quot;:{&quot;horizontalOrder&quot;:true}}\" data-foogallery-lightbox=\"{&quot;thumbs&quot;:&quot;bottom&quot;,&quot;thumbsCaptions&quot;:false,&quot;thumbsBestFit&quot;:false,&quot;thumbsSmall&quot;:false,&quot;thumbsCaptionsAlign&quot;:&quot;default&quot;,&quot;info&quot;:&quot;bottom&quot;,&quot;infoVisible&quot;:true,&quot;infoOverlay&quot;:true,&quot;infoAlign&quot;:&quot;default&quot;,&quot;transition&quot;:&quot;fade&quot;,&quot;hoverButtons&quot;:false,&quot;fitMedia&quot;:false,&quot;noScrollbars&quot;:true,&quot;preserveButtonSpace&quot;:true,&quot;buttons&quot;:{&quot;fullscreen&quot;:true,&quot;info&quot;:true,&quot;thumbs&quot;:false},&quot;video&quot;:{&quot;autoPlay&quot;:true}}\" >\n\t\t<div class=\"fg-column-width\"><\/div>\n\t<div class=\"fg-gutter-width\"><\/div>\n\t\t<div class=\"fg-item fg-type-image fg-idle\"><figure class=\"fg-item-inner\"><a href=\"https:\/\/aurabella.jemturner.dev\/wp-content\/uploads\/2024\/07\/cea0e4fd-a4e6-49d8-93ce-c7c05b78da13.jpeg\" data-caption-title=\"Weight Loss\" data-attachment-id=\"815\" data-type=\"image\" class=\"fg-thumb\"><span class=\"fg-image-wrap\"><img fetchpriority=\"high\" decoding=\"async\" width=\"250\" height=\"250\" class=\"skip-lazy fg-image\" data-src-fg=\"https:\/\/aurabella.jemturner.dev\/wp-content\/uploads\/cache\/2024\/07\/cea0e4fd-a4e6-49d8-93ce-c7c05b78da13\/974020787.jpeg\" src=\"data:image\/svg+xml,%3Csvg%20xmlns%3D%22http%3A%2F%2Fwww.w3.org%2F2000%2Fsvg%22%20width%3D%22250%22%20height%3D%22250%22%20viewBox%3D%220%200%20250%20250%22%3E%3C%2Fsvg%3E\" loading=\"eager\"><\/span><span class=\"fg-image-overlay\"><\/span><\/a><figcaption class=\"fg-caption\"><div class=\"fg-caption-inner\"><div class=\"fg-caption-title\">P\u00e9rdida de Peso<\/div><\/div><\/figcaption><\/figure><div class=\"fg-loader\"><\/div><\/div><div class=\"fg-item fg-type-image fg-idle\"><figure class=\"fg-item-inner\"><a href=\"https:\/\/aurabella.jemturner.dev\/wp-content\/uploads\/2024\/07\/b8c64e0d-6e17-4b0f-9dd5-bb7eb889555d.jpeg\" data-caption-title=\"Weight Loss\" data-attachment-id=\"814\" data-type=\"image\" class=\"fg-thumb\"><span class=\"fg-image-wrap\"><img decoding=\"async\" width=\"250\" height=\"250\" class=\"skip-lazy fg-image\" data-src-fg=\"https:\/\/aurabella.jemturner.dev\/wp-content\/uploads\/cache\/2024\/07\/b8c64e0d-6e17-4b0f-9dd5-bb7eb889555d\/3857528735.jpeg\" src=\"data:image\/svg+xml,%3Csvg%20xmlns%3D%22http%3A%2F%2Fwww.w3.org%2F2000%2Fsvg%22%20width%3D%22250%22%20height%3D%22250%22%20viewBox%3D%220%200%20250%20250%22%3E%3C%2Fsvg%3E\" loading=\"eager\"><\/span><span class=\"fg-image-overlay\"><\/span><\/a><figcaption class=\"fg-caption\"><div class=\"fg-caption-inner\"><div class=\"fg-caption-title\">P\u00e9rdida de Peso<\/div><\/div><\/figcaption><\/figure><div class=\"fg-loader\"><\/div><\/div><div class=\"fg-item fg-type-image fg-idle\"><figure class=\"fg-item-inner\"><a href=\"https:\/\/aurabella.jemturner.dev\/wp-content\/uploads\/2024\/07\/fda61210-b6e5-4e80-bd61-e91da2632a48.jpeg\" data-caption-title=\"Microneedling\" data-attachment-id=\"813\" data-type=\"image\" class=\"fg-thumb\"><span class=\"fg-image-wrap\"><img decoding=\"async\" width=\"250\" height=\"364\" class=\"skip-lazy fg-image\" data-src-fg=\"https:\/\/aurabella.jemturner.dev\/wp-content\/uploads\/cache\/2024\/07\/fda61210-b6e5-4e80-bd61-e91da2632a48\/3489821269.jpeg\" src=\"data:image\/svg+xml,%3Csvg%20xmlns%3D%22http%3A%2F%2Fwww.w3.org%2F2000%2Fsvg%22%20width%3D%22250%22%20height%3D%22364%22%20viewBox%3D%220%200%20250%20364%22%3E%3C%2Fsvg%3E\" loading=\"eager\"><\/span><span class=\"fg-image-overlay\"><\/span><\/a><figcaption class=\"fg-caption\"><div class=\"fg-caption-inner\"><div class=\"fg-caption-title\">Microneedling<\/div><\/div><\/figcaption><\/figure><div class=\"fg-loader\"><\/div><\/div><div class=\"fg-item fg-type-image fg-idle\"><figure class=\"fg-item-inner\"><a href=\"https:\/\/aurabella.jemturner.dev\/wp-content\/uploads\/2024\/07\/9638e2e2-d0fe-4c1c-a923-132f571ef482.jpeg\" data-caption-title=\"DE | RIVE Hair Treatment\" data-attachment-id=\"812\" data-type=\"image\" class=\"fg-thumb\"><span class=\"fg-image-wrap\"><img decoding=\"async\" width=\"250\" height=\"117\" class=\"skip-lazy fg-image\" data-src-fg=\"https:\/\/aurabella.jemturner.dev\/wp-content\/uploads\/cache\/2024\/07\/9638e2e2-d0fe-4c1c-a923-132f571ef482\/2771474290.jpeg\" src=\"data:image\/svg+xml,%3Csvg%20xmlns%3D%22http%3A%2F%2Fwww.w3.org%2F2000%2Fsvg%22%20width%3D%22250%22%20height%3D%22117%22%20viewBox%3D%220%200%20250%20117%22%3E%3C%2Fsvg%3E\" loading=\"eager\"><\/span><span class=\"fg-image-overlay\"><\/span><\/a><figcaption class=\"fg-caption\"><div class=\"fg-caption-inner\"><div class=\"fg-caption-title\">Tratamiento Capilar DE|RIVE<\/div><\/div><\/figcaption><\/figure><div class=\"fg-loader\"><\/div><\/div><div class=\"fg-item fg-type-image fg-idle\"><figure class=\"fg-item-inner\"><a href=\"https:\/\/aurabella.jemturner.dev\/wp-content\/uploads\/2024\/07\/da484964-9b1d-45d3-8106-f8beecb57117.jpeg\" data-caption-title=\"Permanent Makeup\" data-attachment-id=\"811\" data-type=\"image\" class=\"fg-thumb\"><span class=\"fg-image-wrap\"><img decoding=\"async\" width=\"250\" height=\"249\" class=\"skip-lazy fg-image\" data-src-fg=\"https:\/\/aurabella.jemturner.dev\/wp-content\/uploads\/cache\/2024\/07\/da484964-9b1d-45d3-8106-f8beecb57117\/3149727317.jpeg\" src=\"data:image\/svg+xml,%3Csvg%20xmlns%3D%22http%3A%2F%2Fwww.w3.org%2F2000%2Fsvg%22%20width%3D%22250%22%20height%3D%22249%22%20viewBox%3D%220%200%20250%20249%22%3E%3C%2Fsvg%3E\" loading=\"eager\"><\/span><span class=\"fg-image-overlay\"><\/span><\/a><figcaption class=\"fg-caption\"><div class=\"fg-caption-inner\"><div class=\"fg-caption-title\">Maquillaje permanente<\/div><\/div><\/figcaption><\/figure><div class=\"fg-loader\"><\/div><\/div><\/div>\n<\/div>","protected":false},"excerpt":{"rendered":"<p>Our collection of before and after photos showcases the effectiveness of our services, from weight loss programs and anti-aging treatments to hair restoration and personalized beauty treatments. Each image is a testament to the dedication and skill of our team, as well as the commitment of our clients to their beauty and wellness journeys. We [&hellip;]<\/p>","protected":false},"author":1,"featured_media":0,"parent":26,"menu_order":0,"comment_status":"closed","ping_status":"closed","template":"","meta":{"footnotes":""},"class_list":["post-777","page","type-page","status-publish","hentry"],"_links":{"self":[{"href":"https:\/\/aurabella.jemturner.dev\/es\/wp-json\/wp\/v2\/pages\/777","targetHints":{"allow":["GET"]}}],"collection":[{"href":"https:\/\/aurabella.jemturner.dev\/es\/wp-json\/wp\/v2\/pages"}],"about":[{"href":"https:\/\/aurabella.jemturner.dev\/es\/wp-json\/wp\/v2\/types\/page"}],"author":[{"embeddable":true,"href":"https:\/\/aurabella.jemturner.dev\/es\/wp-json\/wp\/v2\/users\/1"}],"replies":[{"embeddable":true,"href":"https:\/\/aurabella.jemturner.dev\/es\/wp-json\/wp\/v2\/comments?post=777"}],"version-history":[{"count":10,"href":"https:\/\/aurabella.jemturner.dev\/es\/wp-json\/wp\/v2\/pages\/777\/revisions"}],"predecessor-version":[{"id":818,"href":"https:\/\/aurabella.jemturner.dev\/es\/wp-json\/wp\/v2\/pages\/777\/revisions\/818"}],"up":[{"embeddable":true,"href":"https:\/\/aurabella.jemturner.dev\/es\/wp-json\/wp\/v2\/pages\/26"}],"wp:attachment":[{"href":"https:\/\/aurabella.jemturner.dev\/es\/wp-json\/wp\/v2\/media?parent=777"}],"curies":[{"name":"wp","href":"https:\/\/api.w.org\/{rel}","templated":true}]}}