{"id":738,"date":"2024-07-09T15:16:33","date_gmt":"2024-07-09T15:16:33","guid":{"rendered":"https:\/\/aurabella.jemturner.dev\/?page_id=738"},"modified":"2024-07-15T10:53:10","modified_gmt":"2024-07-15T10:53:10","slug":"payment-options","status":"publish","type":"page","link":"https:\/\/aurabella.jemturner.dev\/es\/our-services\/payment-options\/","title":{"rendered":"Opciones de pago"},"content":{"rendered":"<div class=\"wp-block-cover alignfull is-light has-custom-content-position is-position-bottom-center\"><span aria-hidden=\"true\" class=\"wp-block-cover__background has-nude-pink-background-color has-background-dim-100 has-background-dim\"><\/span><div class=\"wp-block-cover__inner-container is-layout-constrained wp-block-cover-is-layout-constrained\">\n<div class=\"wp-block-group alignfull cover is-layout-constrained wp-block-group-is-layout-constrained\" style=\"padding-top:0;padding-bottom:0\">\n<h1 class=\"wp-block-heading\" style=\"margin-top:0px\">Opciones de Pago<\/h1>\n\n\n\n<p style=\"padding-bottom:0\">At AuraBella Medical Spa, we offer a variety of convenient payment options to make your beauty and wellness treatments accessible and stress-free. Choose from cash, debit, credit, Afterpay, CareCredit, and Cherry to suit your financial needs.<\/p>\n<\/div>\n<\/div><\/div>\n\n\n\n<div class=\"wp-block-group is-layout-constrained wp-block-group-is-layout-constrained\" style=\"padding-top:var(--wp--preset--spacing--80);padding-bottom:var(--wp--preset--spacing--80)\">\n<p style=\"padding-top:0;padding-bottom:0\">En AuraBella Medical Spa, nos dedicamos a proporcionar opciones de pago flexibles y convenientes para hacer que tus tratamientos de belleza y bienestar sean lo m\u00e1s accesibles posible. Entendemos que la situaci\u00f3n financiera de cada persona es \u00fanica y nos esforzamos por adaptarnos a tus necesidades para garantizar una experiencia sin estr\u00e9s y sin complicaciones.<\/p>\n\n\n\n<h2 class=\"wp-block-heading\" style=\"padding-top:var(--wp--preset--spacing--80);padding-bottom:var(--wp--preset--spacing--80)\">M\u00e9todos de Pago Aceptados<\/h2>\n\n\n\n<div class=\"wp-block-media-text is-stacked-on-mobile\" style=\"grid-template-columns:20% auto\"><figure class=\"wp-block-media-text__media\"><\/figure><div class=\"wp-block-media-text__content\">\n<h3 class=\"wp-block-heading\"><strong>Efectivo y Tarjetas de D\u00e9bito\/Cr\u00e9dito:<\/strong> <\/h3>\n\n\n\n<p>Aceptamos todas las principales tarjetas de d\u00e9bito y cr\u00e9dito, incluidas Visa, MasterCard, American Express y Discover. Tambi\u00e9n se aceptan pagos en efectivo para tu conveniencia.<\/p>\n<\/div><\/div>\n\n\n\n<hr class=\"wp-block-separator has-text-color has-nude-pink-color has-alpha-channel-opacity has-nude-pink-background-color has-background is-style-dots\" style=\"margin-top:var(--wp--preset--spacing--50);margin-bottom:var(--wp--preset--spacing--50)\"\/>\n\n\n\n<div class=\"wp-block-media-text is-stacked-on-mobile\" style=\"grid-template-columns:20% auto\"><figure class=\"wp-block-media-text__media\"><a href=\"https:\/\/www.afterpay.com\/en-US\"><img loading=\"lazy\" decoding=\"async\" width=\"252\" height=\"66\" src=\"https:\/\/aurabella.jemturner.dev\/wp-content\/uploads\/2024\/07\/afterpay.png\" alt=\"\" class=\"wp-image-745 size-full\"\/><\/a><\/figure><div class=\"wp-block-media-text__content\">\n<h3 class=\"wp-block-heading has-primary-color has-text-color has-link-color wp-elements-2b2b4e5d687b2639817a6ce7f2908ea5\"><strong><a href=\"https:\/\/www.afterpay.com\/en-US\" target=\"_blank\" rel=\"noreferrer noopener\">Afterpay<\/a>:<\/strong> <\/h3>\n\n\n\n<p>Con Afterpay, puedes recibir tus tratamientos ahora y pagarlos en cuatro cuotas iguales, sin intereses. Esto te permite disfrutar de tus tratamientos sin tener que pagar el monto total por adelantado.<\/p>\n<\/div><\/div>\n\n\n\n<hr class=\"wp-block-separator has-text-color has-nude-pink-color has-alpha-channel-opacity has-nude-pink-background-color has-background is-style-dots\" style=\"margin-top:var(--wp--preset--spacing--50);margin-bottom:var(--wp--preset--spacing--50)\"\/>\n\n\n\n<div class=\"wp-block-media-text is-stacked-on-mobile\" style=\"grid-template-columns:20% auto\"><figure class=\"wp-block-media-text__media\"><a href=\"https:\/\/www.carecredit.com\/\"><img loading=\"lazy\" decoding=\"async\" width=\"232\" height=\"61\" src=\"https:\/\/aurabella.jemturner.dev\/wp-content\/uploads\/2024\/07\/care_credit.png\" alt=\"\" class=\"wp-image-746 size-full\"\/><\/a><\/figure><div class=\"wp-block-media-text__content\">\n<h3 class=\"wp-block-heading has-primary-color has-text-color has-link-color wp-elements-1ea30dfa7eef72e3236d6aa8360e366d\"><strong><a href=\"https:\/\/www.carecredit.com\/\" data-type=\"link\" data-id=\"https:\/\/www.carecredit.com\/\" target=\"_blank\" rel=\"noreferrer noopener\">CareCredit<\/a>:<\/strong> <\/h3>\n\n\n\n<p>CareCredit es una tarjeta de cr\u00e9dito para el cuidado de la salud dise\u00f1ada para ayudarte a pagar gastos de bolsillo que no est\u00e1n cubiertos por el seguro m\u00e9dico. Ofrece opciones de financiamiento especial que te permiten distribuir el costo de tus tratamientos a lo largo del tiempo.<\/p>\n<\/div><\/div>\n\n\n\n<hr class=\"wp-block-separator has-text-color has-nude-pink-color has-alpha-channel-opacity has-nude-pink-background-color has-background is-style-dots\" style=\"margin-top:var(--wp--preset--spacing--50);margin-bottom:var(--wp--preset--spacing--50)\"\/>\n\n\n\n<div class=\"wp-block-media-text is-stacked-on-mobile\" style=\"grid-template-columns:20% auto\"><figure class=\"wp-block-media-text__media\"><a href=\"https:\/\/pay.withcherry.com\/naturalchoice?utm_source=merchant&amp;utm_medium=website\"><img loading=\"lazy\" decoding=\"async\" width=\"165\" height=\"57\" src=\"https:\/\/aurabella.jemturner.dev\/wp-content\/uploads\/2024\/07\/cherry.png\" alt=\"\" class=\"wp-image-747 size-full\"\/><\/a><\/figure><div class=\"wp-block-media-text__content\">\n<h3 class=\"wp-block-heading has-primary-color has-text-color has-link-color wp-elements-1a8a2668206d07917f930af5ecc2c992\"><strong><a href=\"https:\/\/pay.withcherry.com\/naturalchoice?utm_source=merchant&amp;utm_medium=website\" target=\"_blank\" rel=\"noreferrer noopener\">Cherry<\/a>:<\/strong> <\/h3>\n\n\n\n<p>Cherry es una opci\u00f3n de financiamiento que te proporciona la flexibilidad de dividir tu compra en pagos mensuales m\u00e1s peque\u00f1os y manejables. Con aprobaci\u00f3n instant\u00e1nea y un proceso de solicitud r\u00e1pido, Cherry hace que sea f\u00e1cil costear tus tratamientos.<\/p>\n<\/div><\/div>\n\n\n\n<hr class=\"wp-block-separator has-text-color has-nude-pink-color has-alpha-channel-opacity has-nude-pink-background-color has-background is-style-dots\" style=\"margin-top:var(--wp--preset--spacing--50);margin-bottom:var(--wp--preset--spacing--50)\"\/>\n\n\n\n<div class=\"wp-block-media-text is-stacked-on-mobile\" style=\"grid-template-columns:20% auto\"><figure class=\"wp-block-media-text__media\"><a href=\"https:\/\/www.spaweek.com\/\"><img loading=\"lazy\" decoding=\"async\" width=\"392\" height=\"107\" src=\"https:\/\/aurabella.jemturner.dev\/wp-content\/uploads\/2024\/07\/spa_week.png\" alt=\"\" class=\"wp-image-748 size-full\"\/><\/a><\/figure><div class=\"wp-block-media-text__content\">\n<h3 class=\"wp-block-heading has-primary-color has-text-color has-link-color wp-elements-0b9499e3d0b6710450b5b9f432af4d62\"><a href=\"https:\/\/www.spaweek.com\/\" target=\"_blank\" rel=\"noreferrer noopener\">Tarjetas de Regalo<\/a>:<\/h3>\n\n\n\n<p>Puedes comprar tarjetas de regalo directamente a trav\u00e9s de nuestro spa o en l\u00ednea a trav\u00e9s de SpaWeek. Las tarjetas de regalo son el regalo perfecto para seres queridos, permiti\u00e9ndoles disfrutar de nuestros lujosos tratamientos a su conveniencia.<\/p>\n<\/div><\/div>\n\n\n\n<hr class=\"wp-block-separator has-text-color has-nude-pink-color has-alpha-channel-opacity has-nude-pink-background-color has-background is-style-dots\" style=\"margin-top:0;margin-bottom:0\"\/>\n\n\n\n<p style=\"padding-top:var(--wp--preset--spacing--40)\">Nuestro objetivo en AuraBella Medical Spa es hacer que tu viaje hacia la belleza y el bienestar sea lo m\u00e1s suave y asequible posible. Si tienes alguna pregunta sobre nuestras opciones de pago o necesitas asistencia para elegir el mejor m\u00e9todo para ti, no dudes en contactar a nuestro amable personal. Estamos aqu\u00ed para ayudarte a lucir y sentirte lo mejor posible sin ning\u00fan estr\u00e9s financiero.<\/p>\n<\/div>","protected":false},"excerpt":{"rendered":"<p>At AuraBella Medical Spa, we are dedicated to providing flexible and convenient payment options to make your beauty and wellness treatments as accessible as possible. We understand that everyone\u2019s financial situation is unique, and we aim to accommodate your needs to ensure a seamless and stress-free experience. Accepted Payment Methods Cash and Debit\/Credit Cards: We [&hellip;]<\/p>","protected":false},"author":1,"featured_media":0,"parent":26,"menu_order":0,"comment_status":"closed","ping_status":"closed","template":"","meta":{"footnotes":""},"class_list":["post-738","page","type-page","status-publish","hentry"],"_links":{"self":[{"href":"https:\/\/aurabella.jemturner.dev\/es\/wp-json\/wp\/v2\/pages\/738","targetHints":{"allow":["GET"]}}],"collection":[{"href":"https:\/\/aurabella.jemturner.dev\/es\/wp-json\/wp\/v2\/pages"}],"about":[{"href":"https:\/\/aurabella.jemturner.dev\/es\/wp-json\/wp\/v2\/types\/page"}],"author":[{"embeddable":true,"href":"https:\/\/aurabella.jemturner.dev\/es\/wp-json\/wp\/v2\/users\/1"}],"replies":[{"embeddable":true,"href":"https:\/\/aurabella.jemturner.dev\/es\/wp-json\/wp\/v2\/comments?post=738"}],"version-history":[{"count":21,"href":"https:\/\/aurabella.jemturner.dev\/es\/wp-json\/wp\/v2\/pages\/738\/revisions"}],"predecessor-version":[{"id":825,"href":"https:\/\/aurabella.jemturner.dev\/es\/wp-json\/wp\/v2\/pages\/738\/revisions\/825"}],"up":[{"embeddable":true,"href":"https:\/\/aurabella.jemturner.dev\/es\/wp-json\/wp\/v2\/pages\/26"}],"wp:attachment":[{"href":"https:\/\/aurabella.jemturner.dev\/es\/wp-json\/wp\/v2\/media?parent=738"}],"curies":[{"name":"wp","href":"https:\/\/api.w.org\/{rel}","templated":true}]}}