{"id":7,"date":"2024-06-12T09:47:40","date_gmt":"2024-06-12T09:47:40","guid":{"rendered":"https:\/\/aurabella.jemturner.dev\/?page_id=7"},"modified":"2024-07-17T07:49:46","modified_gmt":"2024-07-17T07:49:46","slug":"home","status":"publish","type":"page","link":"https:\/\/aurabella.jemturner.dev\/es\/","title":{"rendered":"Inicio"},"content":{"rendered":"<div class=\"wp-block-cover alignfull is-light\" style=\"min-height:80vh;aspect-ratio:unset;\"><span aria-hidden=\"true\" class=\"wp-block-cover__background has-background-dim-30 has-background-dim\" style=\"background-color:#FFF\"><\/span><video class=\"wp-block-cover__video-background intrinsic-ignore\" autoplay muted loop playsinline src=\"https:\/\/aurabella.jemturner.dev\/wp-content\/uploads\/2024\/06\/cover_video.mp4\" data-object-fit=\"cover\"><\/video><div class=\"wp-block-cover__inner-container is-layout-constrained wp-block-cover-is-layout-constrained\">\n<figure class=\"wp-block-image aligncenter size-full is-resized\"><img decoding=\"async\" src=\"https:\/\/aurabella.jemturner.dev\/wp-content\/uploads\/2024\/06\/Copy-of-PP-pages-1.png\" alt=\"\" class=\"wp-image-695\" style=\"width:478px;height:auto\"\/><\/figure>\n<\/div><\/div>\n\n\n\n<div class=\"wp-block-group alignfull has-nude-pink-background-color has-background is-layout-constrained wp-block-group-is-layout-constrained\" style=\"padding-top:var(--wp--preset--spacing--80);padding-bottom:var(--wp--preset--spacing--80)\">\n<h1 class=\"wp-block-heading alignwide\">Bienvenida,<\/h1>\n\n\n\n<div class=\"wp-block-media-text has-media-on-the-right is-stacked-on-mobile is-vertically-aligned-center\" style=\"margin-bottom:var(--wp--preset--spacing--80);padding-bottom:var(--wp--preset--spacing--80);grid-template-columns:auto 35%\"><div class=\"wp-block-media-text__content\">\n<p class=\"has-medium-font-size\" style=\"margin-bottom:0;padding-bottom:0\">a AuraBella Medical Spa, su santuario de belleza y bienestar en el coraz\u00f3n de Scottsdale, Arizona. Fundado por Marlene Seib y copropiedad de Celeste Evans y Kaylee Nyberg, AuraBella combina la experiencia m\u00e9dica con una pasi\u00f3n por el autodescubrimiento y el empoderamiento. Nuestro spa, dirigido por mujeres, ofrece una amplia gama de servicios, incluidos programas de p\u00e9rdida de peso, tratamientos antienvejecimiento, soluciones para el acn\u00e9, restauraci\u00f3n capilar y m\u00e1s. En AuraBella, creemos que la belleza va m\u00e1s all\u00e1 de la apariencia: se trata de reclamar su identidad y sentirse seguro por dentro y por fuera. \u00danase a nosotros en un viaje de resiliencia, reinvenci\u00f3n y cuidado personalizado adaptado a sus necesidades \u00fanicas.<br><br>En AuraBella Medical Spa, nos comprometemos a proporcionar un enfoque hol\u00edstico de la belleza y el bienestar, asegurando que cada cliente se sienta valorado y comprendido. Nuestro equipo experimentado ofrece un cuidado personalizado, enfatizando consultas exhaustivas antes y despu\u00e9s del tratamiento para ayudarle a tomar decisiones informadas. Ya sea que est\u00e9 interesado en microneedling, tatuaje de cejas, faciales con c\u00e9lulas madre o cualquiera de nuestros otros tratamientos innovadores, nos esforzamos por crear un ambiente de apoyo y comodidad para todos.<br><br>Entendiendo las diversas necesidades de nuestra comunidad, ofrecemos servicios biling\u00fces en ingl\u00e9s y espa\u00f1ol, haciendo que nuestra experiencia sea accesible para todos. Nuestra dedicaci\u00f3n se extiende m\u00e1s all\u00e1 de nuestras puertas, ya que participamos activamente en eventos locales, apoyamos causas ben\u00e9ficas y colaboramos con otros negocios para mejorar nuestra comunidad. En AuraBella Medical Spa, no solo estamos mejorando su belleza exterior, sino que tambi\u00e9n le estamos empoderando para redescubrir su confianza y fuerza interior. Experimente la diferencia con nosotros hoy.<\/p>\n<\/div><figure class=\"wp-block-media-text__media\"><img loading=\"lazy\" decoding=\"async\" width=\"3840\" height=\"5760\" src=\"https:\/\/aurabella.jemturner.dev\/wp-content\/uploads\/2024\/06\/pexels-elly-fairytale-3865712.jpg\" alt=\"\" class=\"wp-image-74 size-full\"\/><\/figure><\/div>\n<\/div>","protected":false},"excerpt":{"rendered":"<p>Welcome, to AuraBella Medical Spa, your sanctuary for beauty and wellness in the heart of Scottsdale, Arizona. Founded by Marlene Seib and co-owned by Celeste Evans and Kaylee Nyberg, AuraBella blends medical expertise with a passion for self-discovery and empowerment. Our female-run spa offers a comprehensive range of services, including weight loss programs, anti-aging treatments, [&hellip;]<\/p>","protected":false},"author":1,"featured_media":0,"parent":0,"menu_order":0,"comment_status":"closed","ping_status":"closed","template":"","meta":{"footnotes":""},"class_list":["post-7","page","type-page","status-publish","hentry"],"_links":{"self":[{"href":"https:\/\/aurabella.jemturner.dev\/es\/wp-json\/wp\/v2\/pages\/7","targetHints":{"allow":["GET"]}}],"collection":[{"href":"https:\/\/aurabella.jemturner.dev\/es\/wp-json\/wp\/v2\/pages"}],"about":[{"href":"https:\/\/aurabella.jemturner.dev\/es\/wp-json\/wp\/v2\/types\/page"}],"author":[{"embeddable":true,"href":"https:\/\/aurabella.jemturner.dev\/es\/wp-json\/wp\/v2\/users\/1"}],"replies":[{"embeddable":true,"href":"https:\/\/aurabella.jemturner.dev\/es\/wp-json\/wp\/v2\/comments?post=7"}],"version-history":[{"count":36,"href":"https:\/\/aurabella.jemturner.dev\/es\/wp-json\/wp\/v2\/pages\/7\/revisions"}],"predecessor-version":[{"id":832,"href":"https:\/\/aurabella.jemturner.dev\/es\/wp-json\/wp\/v2\/pages\/7\/revisions\/832"}],"wp:attachment":[{"href":"https:\/\/aurabella.jemturner.dev\/es\/wp-json\/wp\/v2\/media?parent=7"}],"curies":[{"name":"wp","href":"https:\/\/api.w.org\/{rel}","templated":true}]}}