{"id":571,"date":"2024-06-25T07:49:10","date_gmt":"2024-06-25T07:49:10","guid":{"rendered":"https:\/\/aurabella.jemturner.dev\/?page_id=571"},"modified":"2024-07-03T13:44:57","modified_gmt":"2024-07-03T13:44:57","slug":"nutrition-coaches","status":"publish","type":"page","link":"https:\/\/aurabella.jemturner.dev\/es\/about-us\/our-team\/nutrition-coaches\/","title":{"rendered":"Entrenadores de nutrici\u00f3n"},"content":{"rendered":"<div class=\"wp-block-cover alignfull is-light has-custom-content-position is-position-bottom-center\" style=\"margin-bottom:0\"><span aria-hidden=\"true\" class=\"wp-block-cover__background has-nude-pink-background-color has-background-dim-100 has-background-dim\"><\/span><div class=\"wp-block-cover__inner-container is-layout-flow wp-block-cover-is-layout-flow\">\n<div class=\"wp-block-group alignfull cover is-layout-constrained wp-block-group-is-layout-constrained\">\n<h1 class=\"wp-block-heading\">Our Nutrition Coaches<\/h1>\n\n\n\n<p style=\"padding-bottom:0\">Meet our dedicated nutrition coaches at AuraBella Medical Spa, Jessica and Stephanie, who bring their expertise and passion to guide you on a transformative journey towards a healthier lifestyle. Their personalized approach and unwavering support will empower you to achieve lasting wellness and confidence.<\/p>\n<\/div>\n<\/div><\/div>\n\n\n\n<div class=\"wp-block-group alignfull has-secondary-background-color has-background is-layout-constrained wp-block-group-is-layout-constrained\" style=\"margin-top:0;padding-top:var(--wp--preset--spacing--80);padding-bottom:var(--wp--preset--spacing--80)\">\n<div class=\"wp-block-group is-layout-constrained wp-block-group-is-layout-constrained\">\n<p>At AuraBella Medical Spa, our dedicated nutrition coaches provide bilingual support in English and Spanish, including personalized nutrition plans to help you achieve your wellness goals. Additionally, we offer Semaglutide (Ozempik) and Tirzepatide (Mounjaro) as part of our comprehensive weight loss programs, ensuring a holistic approach to your health and well-being.<\/p>\n\n\n\n<h3 class=\"wp-block-heading\" style=\"margin-top:var(--wp--preset--spacing--60);padding-top:var(--wp--preset--spacing--60)\">Our Coaches:<\/h3>\n\n\n\t\t\t<style>\n                #foogallery-gallery-368.fg-simple_portfolio {\n                    justify-content: center;\n                }\n                #foogallery-gallery-368.fg-simple_portfolio .fg-item {\n                    flex-basis: 400px;\n                    margin: 10px;\n                }\n\t\t\t<\/style>\n\t\t\t<div class=\"foogallery foogallery-container foogallery-simple_portfolio foogallery-lightbox-none fg-simple_portfolio fg-transparent fg-border-thin fg-shadow-outline fg-loading-default fg-loaded-fade-in fg-ready fg-caption-always\" id=\"foogallery-gallery-368\" data-foogallery=\"{&quot;item&quot;:{&quot;showCaptionTitle&quot;:true,&quot;showCaptionDescription&quot;:true,&quot;maxCaptionLength&quot;:0,&quot;maxDescriptionLength&quot;:0},&quot;lazy&quot;:true}\" >\n\t<div class=\"fg-item fg-type-image fg-idle\"><figure class=\"fg-item-inner\"><a data-caption-desc=\"Jessica is passionate about empowering her \u200bclients with the tools and knowledge to not only \u200breach their personal health goals but to help \u200bcreate habits that will serve them long term. With \u200bover 15 years of experience in the physical therapy \u200bfield and just over 6 years as a health and \u200bwellness coach she has a vast knowledge to help \u200bpeople maintain muscle while losing weight. Her \u200bexpertise is taking out the guess work and \u200bsimplifying nutrition for busy families. With two \u200bbeautiful kiddos ages 5 and 19 months she \u200bunderstands the need to lead a healthy lifestyle to \u200bkeep up with them. Jessica loves encouraging, \u200bchallenging, helping others discover that you can \u200bnavigate events, parties, holidays, travel, and all \u200bof lives challenges as a healthy person. \u200bTransforming lives is her superpower.\" data-caption-title=\"Jessica Hardaway\" data-attachment-id=\"94\" class=\"foogallery-thumb  fg-thumb\" data-type=\"image\"><span class=\"fg-image-wrap\"><img fetchpriority=\"high\" decoding=\"async\" alt=\"Jessica Hardaway\" class=\"bf-img skip-lazy fg-image\" height=\"200\" width=\"400\" data-src-fg=\"https:\/\/aurabella.jemturner.dev\/wp-content\/uploads\/cache\/2024\/06\/jessica_hardaway\/1574538007.png\" src=\"data:image\/svg+xml,%3Csvg%20xmlns%3D%22http%3A%2F%2Fwww.w3.org%2F2000%2Fsvg%22%20width%3D%22400%22%20height%3D%22200%22%20viewBox%3D%220%200%20400%20200%22%3E%3C%2Fsvg%3E\" loading=\"eager\"><\/span><span class=\"fg-image-overlay\"><\/span><\/a><figcaption class=\"fg-caption\"><div class=\"fg-caption-inner\"><div class=\"fg-caption-title\">Jessica Hardaway<\/div><div class=\"fg-caption-desc\">Jessica est\u00e1 apasionada por empoderar a sus clientes con las herramientas y el conocimiento no solo para alcanzar sus metas de salud personal, sino tambi\u00e9n para ayudarles a crear h\u00e1bitos que les sirvan a largo plazo. Con m\u00e1s de 15 a\u00f1os de experiencia en el campo de la fisioterapia y m\u00e1s de 6 a\u00f1os como coach de salud y bienestar, tiene un vasto conocimiento para ayudar a las personas a mantener el m\u00fasculo mientras pierden peso. Su especialidad radica en eliminar las conjeturas y simplificar la nutrici\u00f3n para familias ocupadas. Con dos hermosos hijos de 5 a\u00f1os y 19 meses, comprende la necesidad de llevar un estilo de vida saludable para mantenerse al d\u00eda con ellos. A Jessica le encanta motivar, desafiar y ayudar a otros a descubrir que se puede navegar por eventos, fiestas, d\u00edas festivos, viajes y todos los desaf\u00edos de la vida como una persona saludable. Transformar vidas es su superpoder.<\/div><\/div><\/figcaption><\/figure><div class=\"fg-loader\"><\/div><\/div><div class=\"fg-item fg-type-image fg-idle\"><figure class=\"fg-item-inner\"><a data-caption-desc=\"Stephanie is a health and wellbeing coa\u200bch specializing in life style change, focused actio\u200bn, with clear goals. She is passionate about helpi\u200bng others succeed, while becoming the best versi\u200bon of yourself\u201d. She comes with over 25 years \u200bof experience in the restaurant industry. Stephan\u200bie can help you navigate a busy lifestyle includi\u200bng events, parties, holidays, and travel to maintain\u200b a healthy lifestyl\u200be\u200b.&lt;br&gt;&lt;br&gt;\u201cI know that when it comes to weight loss, after \u200bis just the beginning. I have a holistic approa\u200bch that focuses on the whole person- going beyo\u200bnd just the number on the scale. I will walk along si\u200bde you to achieve your goals while helping you ke\u200bep your journey on track. My goal? To empower you \u200bto feel strong, beautiful and confident in your bo\u200bdy while creating healthy habits for long te\u200brm success! Because you deserve a wellness journ\u200bey with a clear path to success! \u201c\u2013 Stephanie Edwards\" data-caption-title=\"Stephanie Edwards\" data-attachment-id=\"98\" class=\"foogallery-thumb  fg-thumb\" data-type=\"image\"><span class=\"fg-image-wrap\"><img decoding=\"async\" alt=\"Stephanie Edwards\" class=\"bf-img skip-lazy fg-image\" height=\"200\" width=\"400\" data-src-fg=\"https:\/\/aurabella.jemturner.dev\/wp-content\/uploads\/cache\/2024\/06\/stephanie_edwards\/2855000958.png\" src=\"data:image\/svg+xml,%3Csvg%20xmlns%3D%22http%3A%2F%2Fwww.w3.org%2F2000%2Fsvg%22%20width%3D%22400%22%20height%3D%22200%22%20viewBox%3D%220%200%20400%20200%22%3E%3C%2Fsvg%3E\" loading=\"eager\"><\/span><span class=\"fg-image-overlay\"><\/span><\/a><figcaption class=\"fg-caption\"><div class=\"fg-caption-inner\"><div class=\"fg-caption-title\">Stephanie Edwards<\/div><div class=\"fg-caption-desc\">Stephanie is a health and wellbeing coa\u200bch specializing in life style change, focused actio\u200bn, with clear goals. She is passionate about helpi\u200bng others succeed, while becoming the best versi\u200bon of yourself\u201d. She comes with over 25 years \u200bof experience in the restaurant industry. Stephan\u200bie can help you navigate a busy lifestyle includi\u200bng events, parties, holidays, and travel to maintain\u200b a healthy lifestyl\u200be\u200b.\n<br><br>\n\u201cI know that when it comes to weight loss, after \u200bis just the beginning. I have a holistic approa\u200bch that focuses on the whole person- going beyo\u200bnd just the number on the scale. I will walk along si\u200bde you to achieve your goals while helping you ke\u200bep your journey on track. My goal? To empower you \u200bto feel strong, beautiful and confident in your bo\u200bdy while creating healthy habits for long te\u200brm success! Because you deserve a wellness journ\u200bey with a clear path to success! \u201c\n\u2013 Stephanie Edwards<\/div><\/div><\/figcaption><\/figure><div class=\"fg-loader\"><\/div><\/div><div class=\"fg-item fg-type-image fg-idle\"><figure class=\"fg-item-inner\"><a data-caption-title=\"Jose Velasco\" data-attachment-id=\"558\" class=\"foogallery-thumb  fg-thumb\" data-type=\"image\"><span class=\"fg-image-wrap\"><img decoding=\"async\" alt=\"Jose Velasco\" class=\"bf-img skip-lazy fg-image\" height=\"200\" width=\"400\" data-src-fg=\"https:\/\/aurabella.jemturner.dev\/wp-content\/uploads\/cache\/2024\/06\/weightloss_expert_spanish\/695622079.jpg\" src=\"data:image\/svg+xml,%3Csvg%20xmlns%3D%22http%3A%2F%2Fwww.w3.org%2F2000%2Fsvg%22%20width%3D%22400%22%20height%3D%22200%22%20viewBox%3D%220%200%20400%20200%22%3E%3C%2Fsvg%3E\" loading=\"eager\"><\/span><span class=\"fg-image-overlay\"><\/span><\/a><figcaption class=\"fg-caption\"><div class=\"fg-caption-inner\"><div class=\"fg-caption-title\">Jose Velasco<\/div><\/div><\/figcaption><\/figure><div class=\"fg-loader\"><\/div><\/div><\/div>\n<\/div>\n<\/div>","protected":false},"excerpt":{"rendered":"<p>At AuraBella Medical Spa, our dedicated nutrition coaches provide bilingual support in English and Spanish, including personalized nutrition plans to help you achieve your wellness goals. Additionally, we offer Semaglutide (Ozempik) and Tirzepatide (Mounjaro) as part of our comprehensive weight loss programs, ensuring a holistic approach to your health and well-being. Our Coaches:<\/p>","protected":false},"author":1,"featured_media":0,"parent":24,"menu_order":0,"comment_status":"closed","ping_status":"closed","template":"","meta":{"footnotes":""},"class_list":["post-571","page","type-page","status-publish","hentry"],"_links":{"self":[{"href":"https:\/\/aurabella.jemturner.dev\/es\/wp-json\/wp\/v2\/pages\/571","targetHints":{"allow":["GET"]}}],"collection":[{"href":"https:\/\/aurabella.jemturner.dev\/es\/wp-json\/wp\/v2\/pages"}],"about":[{"href":"https:\/\/aurabella.jemturner.dev\/es\/wp-json\/wp\/v2\/types\/page"}],"author":[{"embeddable":true,"href":"https:\/\/aurabella.jemturner.dev\/es\/wp-json\/wp\/v2\/users\/1"}],"replies":[{"embeddable":true,"href":"https:\/\/aurabella.jemturner.dev\/es\/wp-json\/wp\/v2\/comments?post=571"}],"version-history":[{"count":12,"href":"https:\/\/aurabella.jemturner.dev\/es\/wp-json\/wp\/v2\/pages\/571\/revisions"}],"predecessor-version":[{"id":717,"href":"https:\/\/aurabella.jemturner.dev\/es\/wp-json\/wp\/v2\/pages\/571\/revisions\/717"}],"up":[{"embeddable":true,"href":"https:\/\/aurabella.jemturner.dev\/es\/wp-json\/wp\/v2\/pages\/24"}],"wp:attachment":[{"href":"https:\/\/aurabella.jemturner.dev\/es\/wp-json\/wp\/v2\/media?parent=571"}],"curies":[{"name":"wp","href":"https:\/\/api.w.org\/{rel}","templated":true}]}}