{"id":46,"date":"2024-06-12T12:49:39","date_gmt":"2024-06-12T12:49:39","guid":{"rendered":"https:\/\/aurabella.jemturner.dev\/?page_id=46"},"modified":"2024-07-03T13:44:34","modified_gmt":"2024-07-03T13:44:34","slug":"celeste-evans","status":"publish","type":"page","link":"https:\/\/aurabella.jemturner.dev\/es\/about-us\/our-team\/celeste-evans\/","title":{"rendered":"Celeste Evans"},"content":{"rendered":"<div class=\"wp-block-cover alignfull is-light\"><span aria-hidden=\"true\" class=\"wp-block-cover__background has-nude-pink-background-color has-background-dim-100 has-background-dim\"><\/span><div class=\"wp-block-cover__inner-container is-layout-flow wp-block-cover-is-layout-flow\">\n<div class=\"wp-block-group alignwide is-layout-constrained wp-block-group-is-layout-constrained\">\n<div class=\"wp-block-columns alignwide cover is-layout-flex wp-container-core-columns-is-layout-396208db wp-block-columns-is-layout-flex\" style=\"padding-top:0px\">\n<div class=\"wp-block-column is-vertically-aligned-center is-content-justification-center is-layout-constrained wp-block-column-is-layout-constrained\">\n<div class=\"wp-block-group is-content-justification-center is-layout-constrained wp-block-group-is-layout-constrained\" style=\"padding-top:0;padding-bottom:0\">\n<h1 class=\"wp-block-heading has-text-align-center\">Celeste Evans<\/h1>\n\n\n\n<h3 class=\"wp-block-heading has-text-align-center\">Due\u00f1a<\/h3>\n\n\n\n<h3 class=\"wp-block-heading has-text-align-center\">Estratega Financiera<\/h3>\n<\/div>\n<\/div>\n\n\n\n<div class=\"wp-block-column is-vertically-aligned-top is-content-justification-right is-layout-constrained wp-container-core-column-is-layout-32566de4 wp-block-column-is-layout-constrained\" style=\"padding-bottom:0px\">\n<figure class=\"wp-block-image aligncenter size-full is-resized is-style-rounded profile-img\"><img loading=\"lazy\" decoding=\"async\" width=\"402\" height=\"540\" src=\"https:\/\/aurabella.jemturner.dev\/wp-content\/uploads\/2024\/06\/celeste-1.png\" alt=\"\" class=\"wp-image-100\" style=\"aspect-ratio:3\/4;object-fit:cover;width:350px\"\/><\/figure>\n<\/div>\n<\/div>\n<\/div>\n<\/div><\/div>\n\n\n\n<div class=\"wp-block-group alignfull has-secondary-background-color has-background is-layout-constrained wp-block-group-is-layout-constrained\" style=\"padding-top:var(--wp--preset--spacing--60);padding-bottom:var(--wp--preset--spacing--60)\">\n<h2 class=\"wp-block-heading has-extra-large-font-size\">Sobre Celeste<\/h2>\n\n\n\n<p>Conoce a Celeste Evans, la maga de las finanzas con un coraz\u00f3n de oro que se asegura de que AuraBella Medical Spa prospere tras bambalinas. Con sus excepcionales habilidades en estrategia financiera y m\u00e1s de una d\u00e9cada de experiencia, Celeste maneja magistralmente los n\u00fameros del negocio, permitiendo que el spa se enfoque en brindar cuidado excepcional a sus clientes.<\/p>\n\n\n\n<p>M\u00e1s all\u00e1 de su experiencia profesional, Celeste es una madre dedicada de adolescentes y dos en\u00e9rgicas mascotas, equilibrando sus roles exigentes con gracia y humor. Su trayectoria personal con AuraBella tambi\u00e9n es de transformaci\u00f3n, habiendo completado con \u00e9xito su propio camino de p\u00e9rdida de peso a trav\u00e9s de los programas del spa.<\/p>\n\n\n\n<p>En medio del caos de la vida empresarial y familiar, Celeste es el ep\u00edtome de la raz\u00f3n y la amabilidad, siempre lista con un o\u00eddo atento y un suave empuj\u00f3n en la direcci\u00f3n correcta. Cuando no est\u00e1 calculando n\u00fameros o lidiando con adolescentes (o perros), puedes encontrar a Celeste disfrutando del sol de Arizona, practicando tai chi y so\u00f1ando con su pr\u00f3xima aventura. La historia de Celeste es un testimonio del poder del amor, la risa y muchos n\u00fameros, demostrando que todo es posible con la mentalidad y el apoyo adecuados.<\/p>\n<\/div>","protected":false},"excerpt":{"rendered":"<p>About Celeste Meet Celeste Evans, the math wizard with a heart of gold who ensures that AuraBella Medical Spa thrives behind the scenes. With her exceptional skills in financial strategy and over a decade of experience, Celeste masterfully manages the business\u2019s numbers, allowing the spa to focus on providing exceptional care to its clients. Beyond [&hellip;]<\/p>","protected":false},"author":1,"featured_media":0,"parent":24,"menu_order":0,"comment_status":"closed","ping_status":"closed","template":"","meta":{"footnotes":""},"class_list":["post-46","page","type-page","status-publish","hentry"],"_links":{"self":[{"href":"https:\/\/aurabella.jemturner.dev\/es\/wp-json\/wp\/v2\/pages\/46","targetHints":{"allow":["GET"]}}],"collection":[{"href":"https:\/\/aurabella.jemturner.dev\/es\/wp-json\/wp\/v2\/pages"}],"about":[{"href":"https:\/\/aurabella.jemturner.dev\/es\/wp-json\/wp\/v2\/types\/page"}],"author":[{"embeddable":true,"href":"https:\/\/aurabella.jemturner.dev\/es\/wp-json\/wp\/v2\/users\/1"}],"replies":[{"embeddable":true,"href":"https:\/\/aurabella.jemturner.dev\/es\/wp-json\/wp\/v2\/comments?post=46"}],"version-history":[{"count":16,"href":"https:\/\/aurabella.jemturner.dev\/es\/wp-json\/wp\/v2\/pages\/46\/revisions"}],"predecessor-version":[{"id":714,"href":"https:\/\/aurabella.jemturner.dev\/es\/wp-json\/wp\/v2\/pages\/46\/revisions\/714"}],"up":[{"embeddable":true,"href":"https:\/\/aurabella.jemturner.dev\/es\/wp-json\/wp\/v2\/pages\/24"}],"wp:attachment":[{"href":"https:\/\/aurabella.jemturner.dev\/es\/wp-json\/wp\/v2\/media?parent=46"}],"curies":[{"name":"wp","href":"https:\/\/api.w.org\/{rel}","templated":true}]}}