{"id":44,"date":"2024-06-12T12:49:17","date_gmt":"2024-06-12T12:49:17","guid":{"rendered":"https:\/\/aurabella.jemturner.dev\/?page_id=44"},"modified":"2024-07-03T13:44:50","modified_gmt":"2024-07-03T13:44:50","slug":"marlene-seib","status":"publish","type":"page","link":"https:\/\/aurabella.jemturner.dev\/es\/about-us\/our-team\/marlene-seib\/","title":{"rendered":"Marlene Seib"},"content":{"rendered":"<div class=\"wp-block-cover alignfull is-light\"><span aria-hidden=\"true\" class=\"wp-block-cover__background has-nude-pink-background-color has-background-dim-100 has-background-dim\"><\/span><div class=\"wp-block-cover__inner-container is-layout-flow wp-block-cover-is-layout-flow\">\n<div class=\"wp-block-group alignwide is-layout-constrained wp-block-group-is-layout-constrained\">\n<div class=\"wp-block-columns alignwide is-layout-flex wp-container-core-columns-is-layout-9d6595d7 wp-block-columns-is-layout-flex\">\n<div class=\"wp-block-column is-vertically-aligned-center is-content-justification-center is-layout-constrained wp-block-column-is-layout-constrained\">\n<div class=\"wp-block-group is-content-justification-center is-layout-constrained wp-block-group-is-layout-constrained\" style=\"padding-top:0;padding-bottom:0\">\n<h1 class=\"wp-block-heading has-text-align-center\">Marlene Seib<\/h1>\n\n\n\n<h3 class=\"wp-block-heading has-text-align-center\">Due\u00f1a<\/h3>\n\n\n\n<h3 class=\"wp-block-heading has-text-align-center\">Enfermera y Esteticista Licenciada<\/h3>\n<\/div>\n<\/div>\n\n\n\n<div class=\"wp-block-column is-vertically-aligned-center is-content-justification-right is-layout-constrained wp-container-core-column-is-layout-07b51d56 wp-block-column-is-layout-constrained\">\n<figure class=\"wp-block-image aligncenter size-full is-resized is-style-rounded profile-img\"><img loading=\"lazy\" decoding=\"async\" width=\"836\" height=\"957\" src=\"https:\/\/aurabella.jemturner.dev\/wp-content\/uploads\/2024\/06\/marlene.png\" alt=\"\" class=\"wp-image-96\" style=\"aspect-ratio:3\/4;object-fit:cover;width:350px\"\/><\/figure>\n<\/div>\n<\/div>\n<\/div>\n<\/div><\/div>\n\n\n\n<div class=\"wp-block-group alignfull has-secondary-background-color has-background is-layout-constrained wp-block-group-is-layout-constrained\" style=\"padding-top:var(--wp--preset--spacing--60);padding-bottom:var(--wp--preset--spacing--60)\">\n<h2 class=\"wp-block-heading has-extra-large-font-size\">Sobre Marlene<\/h2>\n\n\n\n<p>En el coraz\u00f3n de Scottsdale, Arizona, se encuentra AuraBella Medical Spa, un santuario nacido de la perseverancia y la reinvenci\u00f3n de su fundadora, Marlene Seib. Con m\u00e1s de 15 a\u00f1os dedicados a la enfermer\u00eda e inspirada por sus dos hermosas hijas, Marlene estableci\u00f3 AuraBella durante un per\u00edodo de cambios personales, que incluy\u00f3 un divorcio. Este momento dif\u00edcil aliment\u00f3 su pasi\u00f3n por la belleza y el autodescubrimiento, llev\u00e1ndola a crear un espacio donde los clientes pueden sanar, crecer y redescubrir su confianza.<\/p>\n\n\n\n<p>Para Marlene, la industria de la belleza no se trata de vanidad; se trata de empoderamiento y de recuperar la propia identidad. A trav\u00e9s de su trabajo en AuraBella, no solo transforma vidas, sino que tambi\u00e9n constantemente redescubre su propio sentido como mujer y madre. El enfoque hol\u00edstico de Marlene hacia la belleza y el bienestar asegura que AuraBella Medical Spa ofrezca no solo tratamientos cosm\u00e9ticos, sino tambi\u00e9n un espacio para sanar y crecer personalmente. Su dedicaci\u00f3n a empoderar a las mujeres y ayudarlas a sentirse seguras en su propia piel es el coraz\u00f3n de la misi\u00f3n de AuraBella.<\/p>\n<\/div>","protected":false},"excerpt":{"rendered":"<p>About Marlene In the heart of Scottsdale, Arizona, lies AuraBella Medical Spa, a sanctuary born from the resilience and reinvention of its founder, Marlene Seib. With over 15 years dedicated to nursing and inspired by her two beautiful daughters, Marlene established AuraBella during a period of personal upheaval, including a divorce. This challenging time fueled [&hellip;]<\/p>","protected":false},"author":1,"featured_media":0,"parent":24,"menu_order":0,"comment_status":"closed","ping_status":"closed","template":"","meta":{"footnotes":""},"class_list":["post-44","page","type-page","status-publish","hentry"],"_links":{"self":[{"href":"https:\/\/aurabella.jemturner.dev\/es\/wp-json\/wp\/v2\/pages\/44","targetHints":{"allow":["GET"]}}],"collection":[{"href":"https:\/\/aurabella.jemturner.dev\/es\/wp-json\/wp\/v2\/pages"}],"about":[{"href":"https:\/\/aurabella.jemturner.dev\/es\/wp-json\/wp\/v2\/types\/page"}],"author":[{"embeddable":true,"href":"https:\/\/aurabella.jemturner.dev\/es\/wp-json\/wp\/v2\/users\/1"}],"replies":[{"embeddable":true,"href":"https:\/\/aurabella.jemturner.dev\/es\/wp-json\/wp\/v2\/comments?post=44"}],"version-history":[{"count":49,"href":"https:\/\/aurabella.jemturner.dev\/es\/wp-json\/wp\/v2\/pages\/44\/revisions"}],"predecessor-version":[{"id":716,"href":"https:\/\/aurabella.jemturner.dev\/es\/wp-json\/wp\/v2\/pages\/44\/revisions\/716"}],"up":[{"embeddable":true,"href":"https:\/\/aurabella.jemturner.dev\/es\/wp-json\/wp\/v2\/pages\/24"}],"wp:attachment":[{"href":"https:\/\/aurabella.jemturner.dev\/es\/wp-json\/wp\/v2\/media?parent=44"}],"curies":[{"name":"wp","href":"https:\/\/api.w.org\/{rel}","templated":true}]}}