{"id":387,"date":"2024-06-18T18:48:51","date_gmt":"2024-06-18T18:48:51","guid":{"rendered":"https:\/\/aurabella.jemturner.dev\/?page_id=387"},"modified":"2024-07-09T15:22:52","modified_gmt":"2024-07-09T15:22:52","slug":"reviews","status":"publish","type":"page","link":"https:\/\/aurabella.jemturner.dev\/es\/about-us\/reviews\/","title":{"rendered":"Testimonios"},"content":{"rendered":"<div class=\"wp-block-cover alignfull is-light has-custom-content-position is-position-bottom-center\"><span aria-hidden=\"true\" class=\"wp-block-cover__background has-nude-pink-background-color has-background-dim-100 has-background-dim\"><\/span><div class=\"wp-block-cover__inner-container is-layout-flow wp-block-cover-is-layout-flow\">\n<div class=\"wp-block-group alignfull cover is-layout-constrained wp-block-group-is-layout-constrained\">\n<h1 class=\"wp-block-heading\">Nuestros Testimonios<\/h1>\n\n\n\n<p style=\"padding-bottom:0\">Descubre c\u00f3mo AuraBella Medical Spa ha transformado las vidas de nuestros clientes a trav\u00e9s de sus sinceras rese\u00f1as y testimonios.<\/p>\n<\/div>\n<\/div><\/div>\n\n\n\n<div class=\"wp-block-group alignfull has-secondary-background-color has-background is-layout-constrained wp-block-group-is-layout-constrained\" style=\"padding-bottom:var(--wp--preset--spacing--80)\">\n<div class=\"wp-block-group is-layout-constrained wp-block-group-is-layout-constrained\">\n<p style=\"padding-top:var(--wp--preset--spacing--80);padding-bottom:var(--wp--preset--spacing--60)\">En AuraBella Medical Spa, nuestro compromiso con la excelencia y el cuidado personalizado nos ha ganado la confianza y lealtad de nuestros clientes. Nos enorgullece compartir sus experiencias y comentarios, que reflejan el impacto transformador de nuestros servicios. Lee las rese\u00f1as a continuaci\u00f3n para descubrir c\u00f3mo AuraBella ha ayudado a individuos a alcanzar sus metas de belleza y bienestar, y por qu\u00e9 tantas personas nos eligen como su spa m\u00e9dico de confianza en Scottsdale. Tu camino hacia una mayor confianza y bienestar comienza aqu\u00ed, y esperamos ayudarte a descubrir tu radiante interior.<\/p>\n\n\n<pre class=\"ti-widget\"><div class=\"ti-widget ti-goog\" data-no-translation=\"true\" data-layout-id=\"6\" data-set-id=\"light-background\" data-pid=\"\" data-pager-autoplay-timeout=\"6\" data-language=\"en\" > <div class=\"ti-widget-container ti-col-1\"> <div class=\"ti-reviews-container\"> <div class=\"ti-controls\"> <div class=\"ti-next\" aria-label=\"Next review\" role=\"button\"><\/div> <div class=\"ti-prev\" aria-label=\"Previous review\" role=\"button\"><\/div> <\/div> <div class=\"ti-reviews-container-wrapper\">  <div data-empty=\"0\" class=\"ti-review-item source-Google\" > <div class=\"ti-inner\"> <div class=\"ti-review-header\"> <div class=\"ti-profile-img\"> <img decoding=\"async\" src=\"https:\/\/lh3.googleusercontent.com\/a\/ACg8ocK8X6Ed272fB30hixFet2lnoFvS1ZoGxcVcy8IJiPTfT2HpbQ=s120-c-rp-mo-br100\" alt=\"M F\" \/> <\/div> <div class=\"ti-profile-details\"> <div class=\"ti-name\"> M F <\/div> <div class=\"ti-date\">2024-06-04<\/div> <\/div> <\/div> <div class=\"ti-review-content\"> <div class=\"ti-inner\"> <span class=\"ti-stars\"><span class=\"ti-star f\"><\/span><span class=\"ti-star f\"><\/span><span class=\"ti-star f\"><\/span><span class=\"ti-star f\"><\/span><span class=\"ti-star f\"><\/span><\/span> <div class=\"ti-review-text-container ti-review-text\"><!-- R-CONTENT -->I am so thankful I found Aura Bella Med Spa! I have been using their weight loss program since April and I am in the best shape of my life.  I have more energy, my blood pressure and general health has improved greatly, even my complexion is clearer. Marlene is kind, professional and really takes the time to understand your goals and has provided constant care and support along the way.   This regimen has been life changing for me and I am so happy I made the investment in myself.<!-- R-CONTENT --><\/div> <span class=\"ti-read-more\" data-container=\".ti-review-text\" data-collapse-text=\"Hide\" data-open-text=\"Read more\" ><\/span> <\/div> <\/div> <\/div> <\/div>  <div data-empty=\"0\" class=\"ti-review-item source-Google\" > <div class=\"ti-inner\"> <div class=\"ti-review-header\"> <div class=\"ti-profile-img\"> <img decoding=\"async\" src=\"https:\/\/lh3.googleusercontent.com\/a-\/ALV-UjUpr-UhfFAo9c4fILn512nwutukBRJJ9TuC7BW9rw497zmaDvMuig=s120-c-rp-mo-br100\" alt=\"Gina Peralta\" \/> <\/div> <div class=\"ti-profile-details\"> <div class=\"ti-name\"> Gina Peralta <\/div> <div class=\"ti-date\">2024-06-03<\/div> <\/div> <\/div> <div class=\"ti-review-content\"> <div class=\"ti-inner\"> <span class=\"ti-stars\"><span class=\"ti-star f\"><\/span><span class=\"ti-star f\"><\/span><span class=\"ti-star f\"><\/span><span class=\"ti-star f\"><\/span><span class=\"ti-star f\"><\/span><\/span> <div class=\"ti-review-text-container ti-review-text\"><!-- R-CONTENT -->I am very pleased with the services at Aura Bella! This was exactly what I needed to push my weight loss journey to another level! Marlene was very friendly and made me feel so comfortable answering all my questions on the semaglutide. Definitely recommend! I\u2019ve lost 15 pounds since I started \ud83d\ude4c\ud83c\udffd<!-- R-CONTENT --><\/div> <span class=\"ti-read-more\" data-container=\".ti-review-text\" data-collapse-text=\"Hide\" data-open-text=\"Read more\" ><\/span> <\/div> <\/div> <\/div> <\/div>  <div data-empty=\"0\" class=\"ti-review-item source-Google\" > <div class=\"ti-inner\"> <div class=\"ti-review-header\"> <div class=\"ti-profile-img\"> <img decoding=\"async\" src=\"https:\/\/lh3.googleusercontent.com\/a\/ACg8ocKsGOEbk-Hrz8dFLPuHC19S844SF6H9aNiZbQm0DiQ6jRe27w=s120-c-rp-mo-br100\" alt=\"Sarah Greer\" \/> <\/div> <div class=\"ti-profile-details\"> <div class=\"ti-name\"> Sarah Greer <\/div> <div class=\"ti-date\">2024-05-30<\/div> <\/div> <\/div> <div class=\"ti-review-content\"> <div class=\"ti-inner\"> <span class=\"ti-stars\"><span class=\"ti-star f\"><\/span><span class=\"ti-star f\"><\/span><span class=\"ti-star f\"><\/span><span class=\"ti-star f\"><\/span><span class=\"ti-star f\"><\/span><\/span> <div class=\"ti-review-text-container ti-review-text\"><!-- R-CONTENT -->These ladies listen and care, my previous experience I felt like they listened but it was in one ear out the other. It was so refreshing to have someone actually care and create a solution and I got so many compliments on my skin!<!-- R-CONTENT --><\/div> <span class=\"ti-read-more\" data-container=\".ti-review-text\" data-collapse-text=\"Hide\" data-open-text=\"Read more\" ><\/span> <\/div> <\/div> <\/div> <\/div>  <div data-empty=\"0\" class=\"ti-review-item source-Google\" > <div class=\"ti-inner\"> <div class=\"ti-review-header\"> <div class=\"ti-profile-img\"> <img decoding=\"async\" src=\"https:\/\/lh3.googleusercontent.com\/a-\/ALV-UjVLPqXaBapzHPT3eglsv8pWTzSVtzxs3JcjGRYQAtmF1LHYvMog9g=s120-c-rp-mo-br100\" alt=\"Laura Trejo\" \/> <\/div> <div class=\"ti-profile-details\"> <div class=\"ti-name\"> Laura Trejo <\/div> <div class=\"ti-date\">2024-03-29<\/div> <\/div> <\/div> <div class=\"ti-review-content\"> <div class=\"ti-inner\"> <span class=\"ti-stars\"><span class=\"ti-star f\"><\/span><span class=\"ti-star f\"><\/span><span class=\"ti-star f\"><\/span><span class=\"ti-star f\"><\/span><span class=\"ti-star f\"><\/span><\/span> <div class=\"ti-review-text-container ti-review-text\"><!-- R-CONTENT -->Had a great experience with SKM. They listen to your concerns and answer all of your question.<!-- R-CONTENT --><\/div> <span class=\"ti-read-more\" data-container=\".ti-review-text\" data-collapse-text=\"Hide\" data-open-text=\"Read more\" ><\/span> <\/div> <\/div> <\/div> <\/div>  <div data-empty=\"0\" class=\"ti-review-item source-Google\" > <div class=\"ti-inner\"> <div class=\"ti-review-header\"> <div class=\"ti-profile-img\"> <img decoding=\"async\" src=\"https:\/\/lh3.googleusercontent.com\/a\/ACg8ocLOK-krgB1mglb-VLBMQ-5XnRJqsApf4Bj4KeHZvkBNl4GfBg=s120-c-rp-mo-br100\" alt=\"B Santil\" \/> <\/div> <div class=\"ti-profile-details\"> <div class=\"ti-name\"> B Santil <\/div> <div class=\"ti-date\">2024-01-29<\/div> <\/div> <\/div> <div class=\"ti-review-content\"> <div class=\"ti-inner\"> <span class=\"ti-stars\"><span class=\"ti-star f\"><\/span><span class=\"ti-star f\"><\/span><span class=\"ti-star f\"><\/span><span class=\"ti-star f\"><\/span><span class=\"ti-star f\"><\/span><\/span> <div class=\"ti-review-text-container ti-review-text\"><!-- R-CONTENT -->Shiran and Marlene are extremely helpful, professional, and knowledgeable. They focused their entire attention on me reaching my goals. I cannot Thank you ladies enough. I highly recommend SKM Aesthetics!!<!-- R-CONTENT --><\/div> <span class=\"ti-read-more\" data-container=\".ti-review-text\" data-collapse-text=\"Hide\" data-open-text=\"Read more\" ><\/span> <\/div> <\/div> <\/div> <\/div>  <div data-empty=\"0\" class=\"ti-review-item source-Google\" > <div class=\"ti-inner\"> <div class=\"ti-review-header\"> <div class=\"ti-profile-img\"> <img decoding=\"async\" src=\"https:\/\/lh3.googleusercontent.com\/a-\/ALV-UjVCMlBp9cl0x431GtXO2jvFwwPVfk0zcrWSrIhf_3C8vHUbu-8=s120-c-rp-mo-br100\" alt=\"Madison Brown\" \/> <\/div> <div class=\"ti-profile-details\"> <div class=\"ti-name\"> Madison Brown <\/div> <div class=\"ti-date\">2024-01-01<\/div> <\/div> <\/div> <div class=\"ti-review-content\"> <div class=\"ti-inner\"> <span class=\"ti-stars\"><span class=\"ti-star f\"><\/span><span class=\"ti-star f\"><\/span><span class=\"ti-star f\"><\/span><span class=\"ti-star f\"><\/span><span class=\"ti-star f\"><\/span><\/span> <div class=\"ti-review-text-container ti-review-text\"><!-- R-CONTENT -->Sharan and Marlene gave me 5 star service! They are such genuine people and will find a way to take care of any need you have! I had the wonderful pleasure of working with them to get my skin and body right for my wedding and they helped me really glow! I am excited to continue to be a client of theirs and would highly recommend to anyone looking for a Medspa!<!-- R-CONTENT --><\/div> <span class=\"ti-read-more\" data-container=\".ti-review-text\" data-collapse-text=\"Hide\" data-open-text=\"Read more\" ><\/span> <\/div> <\/div> <\/div> <\/div>  <div data-empty=\"0\" class=\"ti-review-item source-Google\" > <div class=\"ti-inner\"> <div class=\"ti-review-header\"> <div class=\"ti-profile-img\"> <img decoding=\"async\" src=\"https:\/\/lh3.googleusercontent.com\/a-\/ALV-UjUxAp5TM1v0-Od_vEObQsixu9W1mgl5yrZl1it-zzeDlbDTopmX=s120-c-rp-mo-br100\" alt=\"Yazooy\" \/> <\/div> <div class=\"ti-profile-details\"> <div class=\"ti-name\"> Yazooy <\/div> <div class=\"ti-date\">2023-12-30<\/div> <\/div> <\/div> <div class=\"ti-review-content\"> <div class=\"ti-inner\"> <span class=\"ti-stars\"><span class=\"ti-star f\"><\/span><span class=\"ti-star f\"><\/span><span class=\"ti-star f\"><\/span><span class=\"ti-star f\"><\/span><span class=\"ti-star f\"><\/span><\/span> <div class=\"ti-review-text-container ti-review-text\"><!-- R-CONTENT -->I recently visited for a dermaplane facial and Marlene truly exceeded my expectations. From the moment I walked in, she made me feel comfortable and relaxed. The entire experience was incredibly soothing and left my skin feeling refreshed and rejuvenated. Marlene's technique and attention to detail were exceptional, making it a truly enjoyable and worthwhile visit. I would highly recommend her for anyone seeking a relaxing and effective dermaplane facial.<!-- R-CONTENT --><\/div> <span class=\"ti-read-more\" data-container=\".ti-review-text\" data-collapse-text=\"Hide\" data-open-text=\"Read more\" ><\/span> <\/div> <\/div> <\/div> <\/div>  <\/div> <div class=\"ti-controls-line\"> <div class=\"dot\"><\/div> <\/div> <\/div> <div class=\"ti-footer\"> <span class=\"nowrap\"><strong>Google<\/strong> rating score: <\/span><span class=\"nowrap\"><strong>5.0<\/strong> of 5, <\/span><br \/><span class=\"nowrap\">based on <strong>43 reviews<\/strong><\/span> <\/div>  <\/div> <\/div> <\/pre>\n<\/div>\n<\/div>","protected":false},"excerpt":{"rendered":"<p>At AuraBella Medical Spa, our commitment to excellence and personalized care has earned us the trust and loyalty of our clients. We are proud to share their experiences and feedback, which reflect the transformative impact of our services. Read the reviews below to see how AuraBella has helped individuals achieve their beauty and wellness goals, [&hellip;]<\/p>","protected":false},"author":1,"featured_media":0,"parent":22,"menu_order":0,"comment_status":"closed","ping_status":"closed","template":"","meta":{"footnotes":""},"class_list":["post-387","page","type-page","status-publish","hentry"],"_links":{"self":[{"href":"https:\/\/aurabella.jemturner.dev\/es\/wp-json\/wp\/v2\/pages\/387","targetHints":{"allow":["GET"]}}],"collection":[{"href":"https:\/\/aurabella.jemturner.dev\/es\/wp-json\/wp\/v2\/pages"}],"about":[{"href":"https:\/\/aurabella.jemturner.dev\/es\/wp-json\/wp\/v2\/types\/page"}],"author":[{"embeddable":true,"href":"https:\/\/aurabella.jemturner.dev\/es\/wp-json\/wp\/v2\/users\/1"}],"replies":[{"embeddable":true,"href":"https:\/\/aurabella.jemturner.dev\/es\/wp-json\/wp\/v2\/comments?post=387"}],"version-history":[{"count":14,"href":"https:\/\/aurabella.jemturner.dev\/es\/wp-json\/wp\/v2\/pages\/387\/revisions"}],"predecessor-version":[{"id":744,"href":"https:\/\/aurabella.jemturner.dev\/es\/wp-json\/wp\/v2\/pages\/387\/revisions\/744"}],"up":[{"embeddable":true,"href":"https:\/\/aurabella.jemturner.dev\/es\/wp-json\/wp\/v2\/pages\/22"}],"wp:attachment":[{"href":"https:\/\/aurabella.jemturner.dev\/es\/wp-json\/wp\/v2\/media?parent=387"}],"curies":[{"name":"wp","href":"https:\/\/api.w.org\/{rel}","templated":true}]}}