{"id":24,"date":"2024-06-12T10:33:32","date_gmt":"2024-06-12T10:33:32","guid":{"rendered":"https:\/\/aurabella.jemturner.dev\/?page_id=24"},"modified":"2024-07-17T07:54:10","modified_gmt":"2024-07-17T07:54:10","slug":"our-team","status":"publish","type":"page","link":"https:\/\/aurabella.jemturner.dev\/es\/about-us\/our-team\/","title":{"rendered":"Nuestro Equipo"},"content":{"rendered":"<div class=\"wp-block-cover alignfull is-light has-custom-content-position is-position-bottom-center cover\"><span aria-hidden=\"true\" class=\"wp-block-cover__background has-nude-pink-background-color has-background-dim-100 has-background-dim\"><\/span><div class=\"wp-block-cover__inner-container is-layout-constrained wp-block-cover-is-layout-constrained\">\n<h1 class=\"wp-block-heading has-text-align-center\" style=\"margin-left:0;padding-right:0;padding-left:0\">Nuestro Equipo<\/h1>\n<\/div><\/div>\n\n\n\n<div class=\"wp-block-group alignfull has-secondary-background-color has-background is-layout-constrained wp-block-group-is-layout-constrained\" style=\"margin-top:0px;margin-bottom:0px;padding-top:var(--wp--preset--spacing--80);padding-bottom:var(--wp--preset--spacing--80)\">\n<p>En AuraBella Medical Spa, nuestro equipo est\u00e1 compuesto por individuos apasionados dedicados a proporcionar un cuidado y servicio excepcionales a nuestros clientes. Con un compromiso compartido con la belleza, el bienestar y el empoderamiento, cada miembro aporta su experiencia \u00fanica y entusiasmo a nuestra familia de spa. Conozca a las personas talentosas que conforman nuestro equipo:<\/p>\n\n\n\n<div class=\"wp-block-columns is-layout-flex wp-container-core-columns-is-layout-6d01b2b5 wp-block-columns-is-layout-flex\" style=\"padding-top:var(--wp--preset--spacing--80);padding-bottom:var(--wp--preset--spacing--80)\">\n<div class=\"wp-block-column is-layout-flow wp-block-column-is-layout-flow\"><\/div>\n\n\n\n<div class=\"wp-block-column is-layout-flow wp-block-column-is-layout-flow\">\n<figure class=\"wp-block-image size-full is-style-rounded\"><a href=\"https:\/\/aurabella.jemturner.dev\/es\/our-team\/marlene-seib\/\"><img loading=\"lazy\" decoding=\"async\" width=\"836\" height=\"957\" src=\"https:\/\/aurabella.jemturner.dev\/wp-content\/uploads\/2024\/06\/marlene.png\" alt=\"\" class=\"wp-image-96\" style=\"aspect-ratio:1;object-fit:cover\"\/><\/a><\/figure>\n\n\n\n<h4 class=\"wp-block-heading has-text-align-center\" style=\"padding-top:var(--wp--preset--spacing--30);padding-bottom:var(--wp--preset--spacing--30)\"><a href=\"https:\/\/aurabella.jemturner.dev\/es\/our-team\/marlene-seib\/\">Marlene Seib<br>Fundadora, Enfermera y Esteticista Licenciada<\/a><\/h4>\n<\/div>\n\n\n\n<div class=\"wp-block-column is-layout-flow wp-block-column-is-layout-flow\">\n<figure class=\"wp-block-image size-full is-style-rounded\"><a href=\"https:\/\/aurabella.jemturner.dev\/es\/our-team\/celeste-evans\/\"><img loading=\"lazy\" decoding=\"async\" width=\"402\" height=\"540\" src=\"https:\/\/aurabella.jemturner.dev\/wp-content\/uploads\/2024\/06\/celeste-1.png\" alt=\"\" class=\"wp-image-100\" style=\"aspect-ratio:1;object-fit:cover\"\/><\/a><\/figure>\n\n\n\n<h4 class=\"wp-block-heading has-text-align-center\" style=\"padding-top:var(--wp--preset--spacing--30);padding-bottom:var(--wp--preset--spacing--30)\"><a href=\"https:\/\/aurabella.jemturner.dev\/es\/our-team\/celeste-evans\/\">Celeste Evans<br>Copropietaria y Estratega Financiera<\/a><\/h4>\n<\/div>\n\n\n\n<div class=\"wp-block-column is-layout-flow wp-block-column-is-layout-flow\">\n<figure class=\"wp-block-image size-full is-style-rounded\"><a href=\"https:\/\/aurabella.jemturner.dev\/es\/our-team\/kaylee-nyberg\/\"><img loading=\"lazy\" decoding=\"async\" width=\"417\" height=\"490\" src=\"https:\/\/aurabella.jemturner.dev\/wp-content\/uploads\/2024\/06\/kaylee-1.png\" alt=\"\" class=\"wp-image-102\" style=\"aspect-ratio:1;object-fit:cover\"\/><\/a><\/figure>\n\n\n\n<h4 class=\"wp-block-heading has-text-align-center\" style=\"padding-top:var(--wp--preset--spacing--30);padding-bottom:var(--wp--preset--spacing--30)\"><a href=\"https:\/\/aurabella.jemturner.dev\/es\/our-team\/kaylee-nyberg\/\">Kaylee Nyberg<br>Copropietaria y Visionaria de Marketing<\/a><\/h4>\n<\/div>\n\n\n\n<div class=\"wp-block-column is-layout-flow wp-block-column-is-layout-flow\"><\/div>\n<\/div>\n\n\n\n<p style=\"padding-top:var(--wp--preset--spacing--50);padding-bottom:var(--wp--preset--spacing--50)\">En AuraBella Medical Spa, somos m\u00e1s que un equipo; somos una familia unida por nuestra pasi\u00f3n por ayudar a otros a verse y sentirse lo mejor posible. Te invitamos a conocer a nuestro equipo y experimentar la diferencia de primera mano.<\/p>\n\n\n\n<h3 class=\"wp-block-heading\" style=\"margin-top:var(--wp--preset--spacing--60);padding-top:var(--wp--preset--spacing--60)\">\u00a1Conoce a nuestros expertos en p\u00e9rdida de peso!<\/h3>\n\n\n\n<p>Aura Bella Med Spa se ha asociado con tres incre\u00edbles entrenadores. Conozca a Jessica, Stephanie y Jose, quienes est\u00e1n aqu\u00ed para apoyar y guiar a otros con una nutrici\u00f3n adecuada y simple, y proporcionar herramientas para navegar cambios de h\u00e1bitos mientras aprenden c\u00f3mo es vivir la vida con p\u00e9rdida de peso y mantenerla.<\/p>\n\n\n\n<div class=\"wp-block-columns is-layout-flex wp-container-core-columns-is-layout-6d01b2b5 wp-block-columns-is-layout-flex\" style=\"padding-top:var(--wp--preset--spacing--80);padding-bottom:var(--wp--preset--spacing--80)\">\n<div class=\"wp-block-column is-layout-flow wp-block-column-is-layout-flow\"><\/div>\n\n\n\n<div class=\"wp-block-column is-layout-flow wp-block-column-is-layout-flow\">\n<figure class=\"wp-block-image aligncenter size-full is-style-rounded\"><img loading=\"lazy\" decoding=\"async\" width=\"241\" height=\"239\" src=\"https:\/\/aurabella.jemturner.dev\/wp-content\/uploads\/2024\/06\/jessica_hardaway.png\" alt=\"Jessica Hardaway\" class=\"wp-image-94\" style=\"aspect-ratio:1;object-fit:cover\"\/><\/figure>\n\n\n\n<h4 class=\"wp-block-heading has-text-align-center\" style=\"padding-top:var(--wp--preset--spacing--30);padding-bottom:var(--wp--preset--spacing--30)\"><a href=\"https:\/\/aurabella.jemturner.dev\/es\/our-team\/nutrition-coaches\/\" data-type=\"link\" data-id=\"https:\/\/aurabella.jemturner.dev\/our-team\/nutrition-coaches\/\">Jessica Hardaway<\/a><\/h4>\n<\/div>\n\n\n\n<div class=\"wp-block-column is-layout-flow wp-block-column-is-layout-flow\">\n<figure class=\"wp-block-image aligncenter size-full is-style-rounded\"><img loading=\"lazy\" decoding=\"async\" width=\"243\" height=\"238\" src=\"https:\/\/aurabella.jemturner.dev\/wp-content\/uploads\/2024\/06\/stephanie_edwards.png\" alt=\"Stephanie Edwards\" class=\"wp-image-98\" style=\"aspect-ratio:1;object-fit:cover\"\/><\/figure>\n\n\n\n<h4 class=\"wp-block-heading has-text-align-center\" style=\"padding-top:var(--wp--preset--spacing--30);padding-bottom:var(--wp--preset--spacing--30)\"><a href=\"https:\/\/aurabella.jemturner.dev\/es\/our-team\/nutrition-coaches\/\" data-type=\"link\" data-id=\"https:\/\/aurabella.jemturner.dev\/our-team\/nutrition-coaches\/\">Stephanie Edwards<\/a><\/h4>\n<\/div>\n\n\n\n<div class=\"wp-block-column is-layout-flow wp-block-column-is-layout-flow\">\n<figure class=\"wp-block-image aligncenter size-full is-style-rounded\"><img loading=\"lazy\" decoding=\"async\" width=\"815\" height=\"815\" src=\"https:\/\/aurabella.jemturner.dev\/wp-content\/uploads\/2024\/06\/weightloss_expert_spanish.jpg\" alt=\"Jose Velasco\" class=\"wp-image-558\" style=\"aspect-ratio:1;object-fit:cover\"\/><\/figure>\n\n\n\n<h4 class=\"wp-block-heading has-text-align-center\" style=\"padding-top:var(--wp--preset--spacing--30);padding-bottom:var(--wp--preset--spacing--30)\"><a href=\"https:\/\/aurabella.jemturner.dev\/es\/our-team\/nutrition-coaches\/\" data-type=\"link\" data-id=\"https:\/\/aurabella.jemturner.dev\/our-team\/nutrition-coaches\/\">Jose Velasco<\/a><\/h4>\n<\/div>\n\n\n\n<div class=\"wp-block-column is-layout-flow wp-block-column-is-layout-flow\"><\/div>\n<\/div>\n<\/div>","protected":false},"excerpt":{"rendered":"<p>At AuraBella Medical Spa, our team is comprised of passionate individuals dedicated to providing exceptional care and service to our clients. With a shared commitment to beauty, wellness, and empowerment, each member brings their unique expertise and enthusiasm to our spa family. Get to know the talented individuals who make up our team: Marlene SeibFounder, [&hellip;]<\/p>","protected":false},"author":1,"featured_media":0,"parent":22,"menu_order":0,"comment_status":"closed","ping_status":"closed","template":"","meta":{"footnotes":""},"class_list":["post-24","page","type-page","status-publish","hentry"],"_links":{"self":[{"href":"https:\/\/aurabella.jemturner.dev\/es\/wp-json\/wp\/v2\/pages\/24","targetHints":{"allow":["GET"]}}],"collection":[{"href":"https:\/\/aurabella.jemturner.dev\/es\/wp-json\/wp\/v2\/pages"}],"about":[{"href":"https:\/\/aurabella.jemturner.dev\/es\/wp-json\/wp\/v2\/types\/page"}],"author":[{"embeddable":true,"href":"https:\/\/aurabella.jemturner.dev\/es\/wp-json\/wp\/v2\/users\/1"}],"replies":[{"embeddable":true,"href":"https:\/\/aurabella.jemturner.dev\/es\/wp-json\/wp\/v2\/comments?post=24"}],"version-history":[{"count":37,"href":"https:\/\/aurabella.jemturner.dev\/es\/wp-json\/wp\/v2\/pages\/24\/revisions"}],"predecessor-version":[{"id":833,"href":"https:\/\/aurabella.jemturner.dev\/es\/wp-json\/wp\/v2\/pages\/24\/revisions\/833"}],"up":[{"embeddable":true,"href":"https:\/\/aurabella.jemturner.dev\/es\/wp-json\/wp\/v2\/pages\/22"}],"wp:attachment":[{"href":"https:\/\/aurabella.jemturner.dev\/es\/wp-json\/wp\/v2\/media?parent=24"}],"curies":[{"name":"wp","href":"https:\/\/api.w.org\/{rel}","templated":true}]}}