{"id":22,"date":"2024-06-12T10:33:13","date_gmt":"2024-06-12T10:33:13","guid":{"rendered":"https:\/\/aurabella.jemturner.dev\/?page_id=22"},"modified":"2024-07-10T09:58:00","modified_gmt":"2024-07-10T09:58:00","slug":"about-us","status":"publish","type":"page","link":"https:\/\/aurabella.jemturner.dev\/es\/about-us\/","title":{"rendered":"Sobre Nosotras"},"content":{"rendered":"<div class=\"wp-block-cover alignfull is-light has-custom-content-position is-position-bottom-center\"><span aria-hidden=\"true\" class=\"wp-block-cover__background has-nude-pink-background-color has-background-dim-100 has-background-dim\"><\/span><div class=\"wp-block-cover__inner-container is-layout-constrained wp-block-cover-is-layout-constrained\">\n<div class=\"wp-block-group alignfull cover is-layout-constrained wp-block-group-is-layout-constrained\">\n<h1 class=\"wp-block-heading\">Sobre Nosotras<\/h1>\n\n\n\n<p style=\"padding-bottom:0\"><strong>Bienvenida a AuraBella Medical Spa<\/strong>, donde la belleza se encuentra con el bienestar en el coraz\u00f3n de Scottsdale, Arizona! Fundado por Marlene Seib y co-propietario por Celeste Evans y Kaylee Nyberg, AuraBella es m\u00e1s que un spa m\u00e9dico: es un santuario donde puedes descubrir y celebrar tu verdadero yo. Nuestro spa combina m\u00e1s de 15 a\u00f1os de experiencia m\u00e9dica con una profunda pasi\u00f3n por la belleza, el autodescubrimiento y el empoderamiento.<\/p>\n<\/div>\n<\/div><\/div>\n\n\n\n<div class=\"wp-block-group alignfull has-secondary-background-color has-background is-layout-constrained wp-block-group-is-layout-constrained\" style=\"padding-top:var(--wp--preset--spacing--80);padding-bottom:var(--wp--preset--spacing--80)\">\n<div class=\"wp-block-group is-layout-constrained wp-block-group-is-layout-constrained\">\n<div class=\"wp-block-media-text is-stacked-on-mobile about-us-icon\" style=\"padding-top:var(--wp--preset--spacing--70);padding-bottom:var(--wp--preset--spacing--70);grid-template-columns:15% auto\"><figure class=\"wp-block-media-text__media\"><img loading=\"lazy\" decoding=\"async\" width=\"128\" height=\"128\" src=\"https:\/\/aurabella.jemturner.dev\/wp-content\/uploads\/2024\/06\/story_icon.png\" alt=\"\" class=\"wp-image-152 size-full\"\/><\/figure><div class=\"wp-block-media-text__content\">\n<h3 class=\"wp-block-heading\"><strong>Nuestra Historia<\/strong><\/h3>\n\n\n\n<p>AuraBella Medical Spa naci\u00f3 de la resiliencia y el deseo de crear un espacio donde los clientes puedan sentirse hermosos tanto por dentro como por fuera. Inspirada por su hija Bella, Marlene Seib estableci\u00f3 el spa durante un viaje personal de reinventarse a s\u00ed misma. Con una formaci\u00f3n en enfermer\u00eda, Marlene, junto con Celeste y Kaylee, aporta un gran conocimiento y un toque compasivo a cada tratamiento.<\/p>\n<\/div><\/div>\n\n\n\n<div class=\"wp-block-media-text has-media-on-the-right is-stacked-on-mobile about-us-icon\" style=\"padding-top:var(--wp--preset--spacing--70);padding-bottom:var(--wp--preset--spacing--70);grid-template-columns:auto 15%\"><div class=\"wp-block-media-text__content\">\n<h3 class=\"wp-block-heading has-primary-color has-text-color has-link-color wp-elements-b77ccf936286bc1b8a7485d109d2135f\"><strong><a href=\"https:\/\/aurabella.jemturner.dev\/es\/our-services\/\" data-type=\"page\" data-id=\"26\">Nuestros servicios<\/a><\/strong><\/h3>\n\n\n\n<p>Ofrecemos una amplia gama de tratamientos m\u00e9dicos y cosm\u00e9ticos dise\u00f1ados para satisfacer sus necesidades \u00fanicas. Desde programas de p\u00e9rdida de peso y tratamientos antienvejecimiento hasta soluciones para el acn\u00e9 y restauraci\u00f3n capilar, nuestros servicios est\u00e1n dise\u00f1ados para realzar su belleza y aumentar su confianza. Algunos de nuestros tratamientos destacados incluyen microneedling, tatuaje de cejas y faciales con c\u00e9lulas madre. Orgullosamente ofrecemos servicios biling\u00fces en ingl\u00e9s y espa\u00f1ol, asegurando que todos nuestros clientes se sientan c\u00f3modos e informados.<\/p>\n<\/div><figure class=\"wp-block-media-text__media\"><img loading=\"lazy\" decoding=\"async\" width=\"128\" height=\"128\" src=\"https:\/\/aurabella.jemturner.dev\/wp-content\/uploads\/2024\/06\/treatment_icon.png\" alt=\"\" class=\"wp-image-153 size-full\"\/><\/figure><\/div>\n\n\n\n<div class=\"wp-block-media-text is-stacked-on-mobile about-us-icon\" style=\"padding-top:var(--wp--preset--spacing--70);padding-bottom:var(--wp--preset--spacing--70);grid-template-columns:15% auto\"><figure class=\"wp-block-media-text__media\"><img loading=\"lazy\" decoding=\"async\" width=\"128\" height=\"128\" src=\"https:\/\/aurabella.jemturner.dev\/wp-content\/uploads\/2024\/07\/lotus_icon.png\" alt=\"\" class=\"wp-image-772 size-full\"\/><\/figure><div class=\"wp-block-media-text__content\">\n<h3 class=\"wp-block-heading\"><strong>Nuestra Filosof\u00eda<\/strong><\/h3>\n\n\n\n<p>En AuraBella, creemos que la belleza se trata de empoderamiento y de recuperar tu identidad. Enfatizamos el cuidado personalizado, tom\u00e1ndonos el tiempo para entender tus metas y trabajar dentro de tu presupuesto. Nuestro enfoque centrado en el cliente incluye consultas exhaustivas antes y despu\u00e9s del tratamiento, para que siempre est\u00e9s bien informado\/a y seguro\/a en tus decisiones.<\/p>\n<\/div><\/div>\n\n\n\n<div class=\"wp-block-media-text has-media-on-the-right is-stacked-on-mobile about-us-icon\" style=\"padding-top:var(--wp--preset--spacing--70);padding-bottom:var(--wp--preset--spacing--70);grid-template-columns:auto 15%\"><div class=\"wp-block-media-text__content\">\n<h3 class=\"wp-block-heading has-primary-color has-text-color has-link-color wp-elements-12396e757e69a9625ca158f60ca063a5\"><strong><a href=\"https:\/\/aurabella.jemturner.dev\/es\/about-us\/charity-and-community-involvement\/\" data-type=\"page\" data-id=\"585\">Compromiso con la Comunidad<\/a><\/strong><\/h3>\n\n\n\n<p>Estamos profundamente comprometidos con nuestra comunidad, participando activamente en eventos locales y apoyando diversas organizaciones ben\u00e9ficas. Nuestra participaci\u00f3n en iniciativas como el evento Cena con H\u00e9roes de la Red de C\u00e1ncer Infantil refleja nuestro compromiso de hacer un impacto positivo. Adem\u00e1s, colaboramos con otras empresas locales para fomentar una comunidad solidaria y pr\u00f3spera.<\/p>\n<\/div><figure class=\"wp-block-media-text__media\"><img loading=\"lazy\" decoding=\"async\" width=\"128\" height=\"128\" src=\"https:\/\/aurabella.jemturner.dev\/wp-content\/uploads\/2024\/06\/community_icon.png\" alt=\"\" class=\"wp-image-148 size-full\"\/><\/figure><\/div>\n\n\n\n<div class=\"wp-block-media-text is-stacked-on-mobile about-us-icon\" style=\"padding-top:var(--wp--preset--spacing--70);padding-bottom:var(--wp--preset--spacing--70);grid-template-columns:15% auto\"><figure class=\"wp-block-media-text__media\"><img loading=\"lazy\" decoding=\"async\" width=\"128\" height=\"128\" src=\"https:\/\/aurabella.jemturner.dev\/wp-content\/uploads\/2024\/06\/empowerment_icon.png\" alt=\"\" class=\"wp-image-149 size-full\"\/><\/figure><div class=\"wp-block-media-text__content\">\n<h3 class=\"wp-block-heading\"><strong>Empoder\u00e1ndote<\/strong><\/h3>\n\n\n\n<p>Nuestra misi\u00f3n es ayudarte a redescubrir tu belleza interior y confianza. Ya sea que est\u00e9s buscando abordar preocupaciones espec\u00edficas o simplemente deseas consentirte, en AuraBella Medical Spa estamos aqu\u00ed para apoyarte en tu camino hacia el bienestar y el empoderamiento personal.<\/p>\n<\/div><\/div>\n\n\n\n<div class=\"wp-block-media-text has-media-on-the-right is-stacked-on-mobile about-us-icon\" style=\"padding-top:var(--wp--preset--spacing--70);padding-bottom:var(--wp--preset--spacing--70);grid-template-columns:auto 15%\"><div class=\"wp-block-media-text__content\">\n<h3 class=\"wp-block-heading\"><strong>\u00danete a Nosotros<\/strong><\/h3>\n\n\n\n<p>Ad\u00e9ntrate en AuraBella Medical Spa y experimenta un lugar donde tu bienestar es nuestra prioridad. Perm\u00edtenos ayudarte a lucir y sentirte lo mejor posible con nuestro cuidado personalizado, integral y compasivo. Esperamos darte la bienvenida a nuestra comunidad y ser parte de tu camino hacia la belleza y el bienestar.<\/p>\n<\/div><figure class=\"wp-block-media-text__media\"><img loading=\"lazy\" decoding=\"async\" width=\"128\" height=\"128\" src=\"https:\/\/aurabella.jemturner.dev\/wp-content\/uploads\/2024\/06\/join_us_icon.png\" alt=\"\" class=\"wp-image-150 size-full\"\/><\/figure><\/div>\n\n\n\n<p class=\"has-text-align-right has-primary-color has-text-color has-link-color has-small-font-size wp-elements-8d9460f7dca7e30e88d7cf377a5e2b6c\">Iconos utilizados creados por <a href=\"https:\/\/www.flaticon.com\/authors\/freepik\" target=\"_blank\" rel=\"noreferrer noopener\">Freepik &#8211; Flaticon<\/a><\/p>\n<\/div>\n<\/div>","protected":false},"excerpt":{"rendered":"<p>Our Story AuraBella Medical Spa was born out of resilience and a desire to create a space where clients can feel beautiful both inside and out. Inspired by her daughter Bella, Marlene Seib established the spa during a personal journey of reinvention. With a background in nursing, Marlene, along with Celeste and Kaylee, brings a [&hellip;]<\/p>","protected":false},"author":1,"featured_media":0,"parent":0,"menu_order":0,"comment_status":"closed","ping_status":"closed","template":"","meta":{"footnotes":""},"class_list":["post-22","page","type-page","status-publish","hentry"],"_links":{"self":[{"href":"https:\/\/aurabella.jemturner.dev\/es\/wp-json\/wp\/v2\/pages\/22","targetHints":{"allow":["GET"]}}],"collection":[{"href":"https:\/\/aurabella.jemturner.dev\/es\/wp-json\/wp\/v2\/pages"}],"about":[{"href":"https:\/\/aurabella.jemturner.dev\/es\/wp-json\/wp\/v2\/types\/page"}],"author":[{"embeddable":true,"href":"https:\/\/aurabella.jemturner.dev\/es\/wp-json\/wp\/v2\/users\/1"}],"replies":[{"embeddable":true,"href":"https:\/\/aurabella.jemturner.dev\/es\/wp-json\/wp\/v2\/comments?post=22"}],"version-history":[{"count":49,"href":"https:\/\/aurabella.jemturner.dev\/es\/wp-json\/wp\/v2\/pages\/22\/revisions"}],"predecessor-version":[{"id":776,"href":"https:\/\/aurabella.jemturner.dev\/es\/wp-json\/wp\/v2\/pages\/22\/revisions\/776"}],"wp:attachment":[{"href":"https:\/\/aurabella.jemturner.dev\/es\/wp-json\/wp\/v2\/media?parent=22"}],"curies":[{"name":"wp","href":"https:\/\/api.w.org\/{rel}","templated":true}]}}